{"id":78,"date":"2023-04-21T10:12:12","date_gmt":"2023-04-21T10:12:12","guid":{"rendered":"https:\/\/arcanic.hair\/?page_id=78"},"modified":"2025-10-29T14:39:54","modified_gmt":"2025-10-29T18:39:54","slug":"qr-card","status":"publish","type":"page","link":"https:\/\/www.arcanic.hair\/en\/qr-card\/","title":{"rendered":"QR-CARD"},"content":{"rendered":"<a href=\"https:\/\/www.arcanic.hair\/en\/\" target=\"_self\" itemprop=\"url\">\n\t\t\t\t<img loading=\"lazy\" decoding=\"async\" src=\"https:\/\/arcanic.hair\/wp-content\/uploads\/Arcanic-FavIcon-BLK-VOLUME-maximisateur-durable-souplesse-PROTECTION-protecteur-lissant-prolongateur-re\u0301parateur-brillance-souplesse-produits-Hair-dresser-design-coiffure-outils-coiffant.svg\" alt=\"Arcanic FavIcon BLK VOLUME maximisateur durable souplesse PROTECTION protecteur lissant prolongateur re\u0301parateur brillance souplesse produits Hair dresser design coiffure outils coiffant\" itemprop=\"image\" height=\"0\" width=\"0\" title=\"Arcanic FavIcon BLK VOLUME maximisateur durable souplesse PROTECTION protecteur lissant prolongateur re\u0301parateur brillance souplesse produits Hair dresser design coiffure outils coiffant\" onerror=\"this.style.display='none'\"  \/>\n\t\t\t\t<\/a>\n\t\t\t\t<a href=\"https:\/\/www.arcanic.hair\/en\/\" target=\"_self\" itemprop=\"url\">\n\t\t\t\t<img loading=\"lazy\" decoding=\"async\" src=\"https:\/\/www.arcanic.hair\/wp-content\/uploads\/Logo-Arcanic-blk-VOLUME-maximisateur-durable-souplesse-PROTECTION-protecteur-lissant-prolongateur-re\u0301parateur-brillance-souplesse-produits-Hair-dresser-design-coiffure-outils-coiffant.svg\" alt=\"Logo Arcanic blk VOLUME maximisateur durable souplesse PROTECTION protecteur lissant prolongateur re\u0301parateur brillance souplesse produits Hair dresser design coiffure outils coiffant\" itemprop=\"image\" height=\"0\" width=\"0\" title=\"Logo Arcanic blk VOLUME maximisateur durable souplesse PROTECTION protecteur lissant prolongateur re\u0301parateur brillance souplesse produits Hair dresser design coiffure outils coiffant\" onerror=\"this.style.display='none'\"  \/>\n\t\t\t\t<\/a>\n\t\t\t\t<p><a href=\"https:\/\/www.arcanic.hair\/en\/produits\/\">PRODUCTS<\/a>, <a href=\"https:\/\/www.arcanic.hair\/en\/academie\/\">ACADEMY<\/a>, <a href=\"https:\/\/www.arcanic.hair\/en\/studio\/\">STUDIO<\/a><\/p>\n\t<a href=\"https:\/\/www.facebook.com\/maison.arcanic\" target=\"_blank\" rel=\"noopener\" aria-label=\"Go to https:\/\/www.facebook.com\/maison.arcanic\"><\/a>\n\t\t\t\t<img decoding=\"async\" src=\"https:\/\/arcanic.hair\/wp-content\/uploads\/facebook-icon-Arcanic.svg\" alt=\"facebook icon Arcanic\" title=\"facebook icon Arcanic\" itemprop=\"image\"\/>\n\t\t<h3>FACEBOOK<\/h3>\t\t\t\n\t\t\t\t<p>.<\/p>\n\t<a href=\"https:\/\/www.instagram.com\/maison.arcanic\/\" target=\"_blank\" rel=\"noopener\" aria-label=\"Go to https:\/\/www.instagram.com\/maison.arcanic\/\"><\/a>\n\t\t\t\t<img decoding=\"async\" src=\"https:\/\/arcanic.hair\/wp-content\/uploads\/instagram-icon-Arcanic.svg\" alt=\"instagram icon Arcanic\" title=\"instagram icon Arcanic\" itemprop=\"image\"\/>\n\t\t<h3>INSTAGRAM<\/h3>\t\t\t\n\t\t\t\t<p>.<\/p>\n\t<a href=\"https:\/\/www.youtube.com\/user\/stryck22\" target=\"_blank\" rel=\"noopener\" aria-label=\"Go to https:\/\/www.youtube.com\/user\/stryck22\"><\/a>\n\t\t\t\t<img decoding=\"async\" src=\"https:\/\/arcanic.hair\/wp-content\/uploads\/youtube-icon-Arcanic.svg\" alt=\"youtube icon Arcanic\" title=\"youtube icon Arcanic\" itemprop=\"image\"\/>\n\t\t<h3>YOUTUBE<\/h3>\t\t\t\n\t\t\t\t<p>.<\/p>\n\t<a href=\"tel:514-889-9004\" target=\"_blank\" rel=\"noopener\" aria-label=\"Go to tel:514-889-9004\"><\/a>\n\t\t<h3>CALL NOW<\/h3>\t\t\t\n\t\t\t\t<p>.<\/p>\n\t<a href=\"sms:514-889-9004\" target=\"_blank\" rel=\"noopener\" aria-label=\"Go to sms:514-889-9004\"><\/a>\n\t\t<h3>SMS<\/h3>\t\t\t\n\t\t\t\t<p>.<\/p>\n\t<a href=\"mailto:info@arcanic.hair\" target=\"_blank\" rel=\"noopener\" aria-label=\"Go to mailto:info@arcanic.hair\"><\/a>\n\t\t<h3>EMAIL<\/h3>\t\t\t\n\t\t\t\t<p>.<\/p>\n\t\t\t<a href=\"https:\/\/arcanic.hair\/ContactCard\/ARCANIC.vcf\" download target=\"_self\">\n\t\t\t\t\t\t+ ADD CONTACT\n\t\t\t\t\t<\/a>\n\t\t\t<a href=\"https:\/\/www.arcanic.hair\/en\/\" target=\"_self\">\n\t\t\t\t\t\t\tGO TO WEBSITE\n\t\t\t<\/a>","protected":false},"excerpt":{"rendered":"<p>LES PRODUITS, L&rsquo;ACAD\u00c9MIE, LE STUDIO FACEBOOK . INSTAGRAM . YOUTUBE . APPELER . TEXTO . COURRIEL . + AJOUTER \u00c0 VOS CONTACTS ALLER AU SITE WEB<\/p>","protected":false},"author":3,"featured_media":116,"parent":0,"menu_order":0,"comment_status":"closed","ping_status":"closed","template":"tpl-no-header-footer.php","meta":{"inline_featured_image":false,"footnotes":""},"class_list":["post-78","page","type-page","status-publish","has-post-thumbnail","hentry"],"yoast_head":"<!-- This site is optimized with the Yoast SEO plugin v27.5 - https:\/\/yoast.com\/product\/yoast-seo-wordpress\/ -->\n<title>ARCANIC | Code Qr<\/title>\n<meta name=\"description\" content=\"Point d&#039;acc\u00e8s central des coordonn\u00e9es ARCANIC: T\u00e9l\u00e9phone, adresse et m\u00e9dias sociaux. T\u00e9l\u00e9chargement de notre fiche contact.\" \/>\n<meta name=\"robots\" content=\"index, follow, max-snippet:-1, max-image-preview:large, max-video-preview:-1\" \/>\n<link rel=\"canonical\" href=\"https:\/\/www.arcanic.hair\/en\/qr-card\/\" \/>\n<meta property=\"og:locale\" content=\"en_US\" \/>\n<meta property=\"og:type\" content=\"article\" \/>\n<meta property=\"og:title\" content=\"ARCANIC | Code Qr\" \/>\n<meta property=\"og:description\" content=\"Point d&#039;acc\u00e8s central des coordonn\u00e9es ARCANIC: T\u00e9l\u00e9phone, adresse et m\u00e9dias sociaux. T\u00e9l\u00e9chargement de notre fiche contact.\" \/>\n<meta property=\"og:url\" content=\"https:\/\/www.arcanic.hair\/en\/qr-card\/\" \/>\n<meta property=\"og:site_name\" content=\"ARCANIC\" \/>\n<meta property=\"article:publisher\" content=\"https:\/\/www.facebook.com\/ericthehairdresser\" \/>\n<meta property=\"article:modified_time\" content=\"2025-10-29T18:39:54+00:00\" \/>\n<meta property=\"og:image\" content=\"https:\/\/www.arcanic.hair\/wp-content\/uploads\/CarteQR-Arcanic-color-VOLUME-maximisateur-durable-souplesse-PROTECTION-protecteur-lissant-prolongateur-re\u0301parateur-brillance-souplesse-produits-Hair-dresser-design-coiffure-outils-coiffant.jpg\" \/>\n\t<meta property=\"og:image:width\" content=\"1200\" \/>\n\t<meta property=\"og:image:height\" content=\"720\" \/>\n\t<meta property=\"og:image:type\" content=\"image\/jpeg\" \/>\n<meta name=\"twitter:card\" content=\"summary_large_image\" \/>\n<meta name=\"twitter:title\" content=\"ARCANIC | Code Qr\" \/>\n<meta name=\"twitter:description\" content=\"Point d&#039;acc\u00e8s central des coordonn\u00e9es ARCANIC: T\u00e9l\u00e9phone, adresse et m\u00e9dias sociaux. T\u00e9l\u00e9chargement de notre fiche contact.\" \/>\n<meta name=\"twitter:image\" content=\"https:\/\/www.arcanic.hair\/wp-content\/uploads\/CarteQR-Arcanic-color-VOLUME-maximisateur-durable-souplesse-PROTECTION-protecteur-lissant-prolongateur-re\u0301parateur-brillance-souplesse-produits-Hair-dresser-design-coiffure-outils-coiffant.jpg\" \/>\n<meta name=\"twitter:label1\" content=\"Est. reading time\" \/>\n\t<meta name=\"twitter:data1\" content=\"2 minutes\" \/>\n<script type=\"application\/ld+json\" class=\"yoast-schema-graph\">{\"@context\":\"https:\\\/\\\/schema.org\",\"@graph\":[{\"@type\":\"WebPage\",\"@id\":\"https:\\\/\\\/www.arcanic.hair\\\/qr-card\\\/\",\"url\":\"https:\\\/\\\/www.arcanic.hair\\\/qr-card\\\/\",\"name\":\"ARCANIC | Code Qr\",\"isPartOf\":{\"@id\":\"https:\\\/\\\/www.arcanic.hair\\\/#website\"},\"primaryImageOfPage\":{\"@id\":\"https:\\\/\\\/www.arcanic.hair\\\/qr-card\\\/#primaryimage\"},\"image\":{\"@id\":\"https:\\\/\\\/www.arcanic.hair\\\/qr-card\\\/#primaryimage\"},\"thumbnailUrl\":\"https:\\\/\\\/www.arcanic.hair\\\/wp-content\\\/uploads\\\/CarteQR-Arcanic-color-VOLUME-maximisateur-durable-souplesse-PROTECTION-protecteur-lissant-prolongateur-re\u0301parateur-brillance-souplesse-produits-Hair-dresser-design-coiffure-outils-coiffant.jpg\",\"datePublished\":\"2023-04-21T10:12:12+00:00\",\"dateModified\":\"2025-10-29T18:39:54+00:00\",\"description\":\"Point d'acc\u00e8s central des coordonn\u00e9es ARCANIC: T\u00e9l\u00e9phone, adresse et m\u00e9dias sociaux. T\u00e9l\u00e9chargement de notre fiche contact.\",\"breadcrumb\":{\"@id\":\"https:\\\/\\\/www.arcanic.hair\\\/qr-card\\\/#breadcrumb\"},\"inLanguage\":\"en-US\",\"potentialAction\":[{\"@type\":\"ReadAction\",\"target\":[\"https:\\\/\\\/www.arcanic.hair\\\/qr-card\\\/\"]}]},{\"@type\":\"ImageObject\",\"inLanguage\":\"en-US\",\"@id\":\"https:\\\/\\\/www.arcanic.hair\\\/qr-card\\\/#primaryimage\",\"url\":\"https:\\\/\\\/www.arcanic.hair\\\/wp-content\\\/uploads\\\/CarteQR-Arcanic-color-VOLUME-maximisateur-durable-souplesse-PROTECTION-protecteur-lissant-prolongateur-re\u0301parateur-brillance-souplesse-produits-Hair-dresser-design-coiffure-outils-coiffant.jpg\",\"contentUrl\":\"https:\\\/\\\/www.arcanic.hair\\\/wp-content\\\/uploads\\\/CarteQR-Arcanic-color-VOLUME-maximisateur-durable-souplesse-PROTECTION-protecteur-lissant-prolongateur-re\u0301parateur-brillance-souplesse-produits-Hair-dresser-design-coiffure-outils-coiffant.jpg\",\"width\":1200,\"height\":720,\"caption\":\"CarteQR Arcanic color VOLUME maximisateur durable souplesse PROTECTION protecteur lissant prolongateur re\u0301parateur brillance souplesse produits Hair dresser design coiffure outils coiffant\"},{\"@type\":\"BreadcrumbList\",\"@id\":\"https:\\\/\\\/www.arcanic.hair\\\/qr-card\\\/#breadcrumb\",\"itemListElement\":[{\"@type\":\"ListItem\",\"position\":1,\"name\":\"Home\",\"item\":\"https:\\\/\\\/www.arcanic.hair\\\/\"},{\"@type\":\"ListItem\",\"position\":2,\"name\":\"QR-CARD\"}]},{\"@type\":\"WebSite\",\"@id\":\"https:\\\/\\\/www.arcanic.hair\\\/#website\",\"url\":\"https:\\\/\\\/www.arcanic.hair\\\/\",\"name\":\"ARCANIC\",\"description\":\"Pro Hairdressing Products\",\"publisher\":{\"@id\":\"https:\\\/\\\/www.arcanic.hair\\\/#organization\"},\"potentialAction\":[{\"@type\":\"SearchAction\",\"target\":{\"@type\":\"EntryPoint\",\"urlTemplate\":\"https:\\\/\\\/www.arcanic.hair\\\/?s={search_term_string}\"},\"query-input\":{\"@type\":\"PropertyValueSpecification\",\"valueRequired\":true,\"valueName\":\"search_term_string\"}}],\"inLanguage\":\"en-US\"},{\"@type\":\"Organization\",\"@id\":\"https:\\\/\\\/www.arcanic.hair\\\/#organization\",\"name\":\"ARCANIC\",\"url\":\"https:\\\/\\\/www.arcanic.hair\\\/\",\"logo\":{\"@type\":\"ImageObject\",\"inLanguage\":\"en-US\",\"@id\":\"https:\\\/\\\/www.arcanic.hair\\\/#\\\/schema\\\/logo\\\/image\\\/\",\"url\":\"https:\\\/\\\/www.arcanic.hair\\\/wp-content\\\/uploads\\\/Arcanic-Accueil-PRODUITS-ACADEMIE-STUDIO-Coiffure-Formation-Coupe-Brushing-Style-design-produits-capilaires-Chevelure-cheveux-hair-dresser-coiffant-SM.webp\",\"contentUrl\":\"https:\\\/\\\/www.arcanic.hair\\\/wp-content\\\/uploads\\\/Arcanic-Accueil-PRODUITS-ACADEMIE-STUDIO-Coiffure-Formation-Coupe-Brushing-Style-design-produits-capilaires-Chevelure-cheveux-hair-dresser-coiffant-SM.webp\",\"width\":1500,\"height\":775,\"caption\":\"ARCANIC\"},\"image\":{\"@id\":\"https:\\\/\\\/www.arcanic.hair\\\/#\\\/schema\\\/logo\\\/image\\\/\"},\"sameAs\":[\"https:\\\/\\\/www.facebook.com\\\/ericthehairdresser\",\"https:\\\/\\\/www.instagram.com\\\/arcanic.hair\\\/\",\"https:\\\/\\\/www.youtube.com\\\/@stryck22\"]}]}<\/script>\n<!-- \/ Yoast SEO plugin. -->","yoast_head_json":{"title":"ARCANIC | Code Qr","description":"Point d'acc\u00e8s central des coordonn\u00e9es ARCANIC: T\u00e9l\u00e9phone, adresse et m\u00e9dias sociaux. T\u00e9l\u00e9chargement de notre fiche contact.","robots":{"index":"index","follow":"follow","max-snippet":"max-snippet:-1","max-image-preview":"max-image-preview:large","max-video-preview":"max-video-preview:-1"},"canonical":"https:\/\/www.arcanic.hair\/en\/qr-card\/","og_locale":"en_US","og_type":"article","og_title":"ARCANIC | Code Qr","og_description":"Point d'acc\u00e8s central des coordonn\u00e9es ARCANIC: T\u00e9l\u00e9phone, adresse et m\u00e9dias sociaux. T\u00e9l\u00e9chargement de notre fiche contact.","og_url":"https:\/\/www.arcanic.hair\/en\/qr-card\/","og_site_name":"ARCANIC","article_publisher":"https:\/\/www.facebook.com\/ericthehairdresser","article_modified_time":"2025-10-29T18:39:54+00:00","og_image":[{"width":1200,"height":720,"url":"https:\/\/www.arcanic.hair\/wp-content\/uploads\/CarteQR-Arcanic-color-VOLUME-maximisateur-durable-souplesse-PROTECTION-protecteur-lissant-prolongateur-re\u0301parateur-brillance-souplesse-produits-Hair-dresser-design-coiffure-outils-coiffant.jpg","type":"image\/jpeg"}],"twitter_card":"summary_large_image","twitter_title":"ARCANIC | Code Qr","twitter_description":"Point d'acc\u00e8s central des coordonn\u00e9es ARCANIC: T\u00e9l\u00e9phone, adresse et m\u00e9dias sociaux. T\u00e9l\u00e9chargement de notre fiche contact.","twitter_image":"https:\/\/www.arcanic.hair\/wp-content\/uploads\/CarteQR-Arcanic-color-VOLUME-maximisateur-durable-souplesse-PROTECTION-protecteur-lissant-prolongateur-re\u0301parateur-brillance-souplesse-produits-Hair-dresser-design-coiffure-outils-coiffant.jpg","twitter_misc":{"Est. reading time":"2 minutes"},"schema":{"@context":"https:\/\/schema.org","@graph":[{"@type":"WebPage","@id":"https:\/\/www.arcanic.hair\/qr-card\/","url":"https:\/\/www.arcanic.hair\/qr-card\/","name":"ARCANIC | Code Qr","isPartOf":{"@id":"https:\/\/www.arcanic.hair\/#website"},"primaryImageOfPage":{"@id":"https:\/\/www.arcanic.hair\/qr-card\/#primaryimage"},"image":{"@id":"https:\/\/www.arcanic.hair\/qr-card\/#primaryimage"},"thumbnailUrl":"https:\/\/www.arcanic.hair\/wp-content\/uploads\/CarteQR-Arcanic-color-VOLUME-maximisateur-durable-souplesse-PROTECTION-protecteur-lissant-prolongateur-re\u0301parateur-brillance-souplesse-produits-Hair-dresser-design-coiffure-outils-coiffant.jpg","datePublished":"2023-04-21T10:12:12+00:00","dateModified":"2025-10-29T18:39:54+00:00","description":"Point d'acc\u00e8s central des coordonn\u00e9es ARCANIC: T\u00e9l\u00e9phone, adresse et m\u00e9dias sociaux. T\u00e9l\u00e9chargement de notre fiche contact.","breadcrumb":{"@id":"https:\/\/www.arcanic.hair\/qr-card\/#breadcrumb"},"inLanguage":"en-US","potentialAction":[{"@type":"ReadAction","target":["https:\/\/www.arcanic.hair\/qr-card\/"]}]},{"@type":"ImageObject","inLanguage":"en-US","@id":"https:\/\/www.arcanic.hair\/qr-card\/#primaryimage","url":"https:\/\/www.arcanic.hair\/wp-content\/uploads\/CarteQR-Arcanic-color-VOLUME-maximisateur-durable-souplesse-PROTECTION-protecteur-lissant-prolongateur-re\u0301parateur-brillance-souplesse-produits-Hair-dresser-design-coiffure-outils-coiffant.jpg","contentUrl":"https:\/\/www.arcanic.hair\/wp-content\/uploads\/CarteQR-Arcanic-color-VOLUME-maximisateur-durable-souplesse-PROTECTION-protecteur-lissant-prolongateur-re\u0301parateur-brillance-souplesse-produits-Hair-dresser-design-coiffure-outils-coiffant.jpg","width":1200,"height":720,"caption":"CarteQR Arcanic color VOLUME maximisateur durable souplesse PROTECTION protecteur lissant prolongateur re\u0301parateur brillance souplesse produits Hair dresser design coiffure outils coiffant"},{"@type":"BreadcrumbList","@id":"https:\/\/www.arcanic.hair\/qr-card\/#breadcrumb","itemListElement":[{"@type":"ListItem","position":1,"name":"Home","item":"https:\/\/www.arcanic.hair\/"},{"@type":"ListItem","position":2,"name":"QR-CARD"}]},{"@type":"WebSite","@id":"https:\/\/www.arcanic.hair\/#website","url":"https:\/\/www.arcanic.hair\/","name":"ARCANIC","description":"Pro Hairdressing Products","publisher":{"@id":"https:\/\/www.arcanic.hair\/#organization"},"potentialAction":[{"@type":"SearchAction","target":{"@type":"EntryPoint","urlTemplate":"https:\/\/www.arcanic.hair\/?s={search_term_string}"},"query-input":{"@type":"PropertyValueSpecification","valueRequired":true,"valueName":"search_term_string"}}],"inLanguage":"en-US"},{"@type":"Organization","@id":"https:\/\/www.arcanic.hair\/#organization","name":"ARCANIC","url":"https:\/\/www.arcanic.hair\/","logo":{"@type":"ImageObject","inLanguage":"en-US","@id":"https:\/\/www.arcanic.hair\/#\/schema\/logo\/image\/","url":"https:\/\/www.arcanic.hair\/wp-content\/uploads\/Arcanic-Accueil-PRODUITS-ACADEMIE-STUDIO-Coiffure-Formation-Coupe-Brushing-Style-design-produits-capilaires-Chevelure-cheveux-hair-dresser-coiffant-SM.webp","contentUrl":"https:\/\/www.arcanic.hair\/wp-content\/uploads\/Arcanic-Accueil-PRODUITS-ACADEMIE-STUDIO-Coiffure-Formation-Coupe-Brushing-Style-design-produits-capilaires-Chevelure-cheveux-hair-dresser-coiffant-SM.webp","width":1500,"height":775,"caption":"ARCANIC"},"image":{"@id":"https:\/\/www.arcanic.hair\/#\/schema\/logo\/image\/"},"sameAs":["https:\/\/www.facebook.com\/ericthehairdresser","https:\/\/www.instagram.com\/arcanic.hair\/","https:\/\/www.youtube.com\/@stryck22"]}]}},"_links":{"self":[{"href":"https:\/\/www.arcanic.hair\/en\/wp-json\/wp\/v2\/pages\/78","targetHints":{"allow":["GET"]}}],"collection":[{"href":"https:\/\/www.arcanic.hair\/en\/wp-json\/wp\/v2\/pages"}],"about":[{"href":"https:\/\/www.arcanic.hair\/en\/wp-json\/wp\/v2\/types\/page"}],"author":[{"embeddable":true,"href":"https:\/\/www.arcanic.hair\/en\/wp-json\/wp\/v2\/users\/3"}],"replies":[{"embeddable":true,"href":"https:\/\/www.arcanic.hair\/en\/wp-json\/wp\/v2\/comments?post=78"}],"version-history":[{"count":5,"href":"https:\/\/www.arcanic.hair\/en\/wp-json\/wp\/v2\/pages\/78\/revisions"}],"predecessor-version":[{"id":861,"href":"https:\/\/www.arcanic.hair\/en\/wp-json\/wp\/v2\/pages\/78\/revisions\/861"}],"wp:featuredmedia":[{"embeddable":true,"href":"https:\/\/www.arcanic.hair\/en\/wp-json\/wp\/v2\/media\/116"}],"wp:attachment":[{"href":"https:\/\/www.arcanic.hair\/en\/wp-json\/wp\/v2\/media?parent=78"}],"curies":[{"name":"wp","href":"https:\/\/api.w.org\/{rel}","templated":true}]}}