{"id":547,"date":"2023-04-12T18:20:25","date_gmt":"2023-04-12T18:20:25","guid":{"rendered":"https:\/\/www.arcanic.hair\/?page_id=547"},"modified":"2023-07-21T11:11:03","modified_gmt":"2023-07-21T15:11:03","slug":"a-propos","status":"publish","type":"page","link":"https:\/\/www.arcanic.hair\/en\/a-propos\/","title":{"rendered":"\u00c0 Propos"},"content":{"rendered":"<img loading=\"lazy\" decoding=\"async\" src=\"https:\/\/arcanic.hair\/wp-content\/uploads\/Arcanic-FavIcon-BLK-VOLUME-maximisateur-durable-souplesse-PROTECTION-protecteur-lissant-prolongateur-re\u0301parateur-brillance-souplesse-produits-Hair-dresser-design-coiffure-outils-coiffant.svg\" alt=\"Arcanic FavIcon BLK VOLUME maximisateur durable souplesse PROTECTION protecteur lissant prolongateur re\u0301parateur brillance souplesse produits Hair dresser design coiffure outils coiffant\" itemprop=\"image\" height=\"0\" width=\"0\" title=\"Arcanic FavIcon BLK VOLUME maximisateur durable souplesse PROTECTION protecteur lissant prolongateur re\u0301parateur brillance souplesse produits Hair dresser design coiffure outils coiffant\" onerror=\"this.style.display='none'\"  \/>\n\t<p>aRcaNiC<\/p>\n\t<p>LES PRODUITS, L&rsquo;ACAD\u00c9MIE &amp;\u00a0 LE STUDIO<\/p>\n\t\t\t<h1>ABOUT<\/h1>\t\t\t\n\t\t\t<h2>ERIC ST-JEAN<\/h2>\t\t\t\n\t\t\t\t<p>La passion pour la coiffure d&rsquo;Eric St-Jean se ressent partout o\u00f9 il passe. Sa volont\u00e9 \u00e0 vouloir aider et transmettre aux autres le d\u00e9sir de s&rsquo;am\u00e9liorer et de se d\u00e9passer font de ses formations un \u00ab\u00a0Must\u00a0\u00bb unique pour tout professionnel de la coiffure.<\/p>\n<p>Cette vocation de l&rsquo;enseignement lui vaudra en 2019, le titre d&rsquo;enseignant de l&rsquo;ann\u00e9e en coiffure! Sa vision du travail d&rsquo;\u00e9quipe et son leadership l&rsquo;ont amen\u00e9 \u00e0 travailler sur plusieurs semaines de la mode de l&rsquo;Am\u00e9rique jusqu&rsquo;en Europe.<\/p>\n<p>Passionn\u00e9 par la coupe et le styling, Eric remporte plusieurs prix dans sa carri\u00e8re dont un Contessa. En 2020, il forme ARCANIC, qui se veut une vision de l&rsquo;enseignement bas\u00e9 sur le partage des connaissances entre coiffeurs afin de cr\u00e9er une communaut\u00e9 artistique de pr\u00e9curseurs.<\/p>\n\t\t\t\t<img loading=\"lazy\" decoding=\"async\" src=\"https:\/\/www.arcanic.hair\/wp-content\/uploads\/Eric-St-Jean-09-Arcanic-Academie-Prix-Contessa-Coiffure-Formation-Coupe-Brushing-Style-design-produits-capilaires-Chevelure-cheveux-hair-dresser-coiffant.webp\" alt=\"Eric St Jean 09 Arcanic Academie Prix Contessa Coiffure Formation Coupe Brushing Style design produits capilaires Chevelure cheveux hair dresser coiffant\" itemprop=\"image\" height=\"685\" width=\"779\" title=\"Eric St Jean 09 Arcanic Academie Prix Contessa Coiffure Formation Coupe Brushing Style design produits capilaires Chevelure cheveux hair dresser coiffant\" onerror=\"this.style.display='none'\"  \/>\n\t\t\t<h2>PHILOSOPHY<\/h2>\t\t\t\n\t\t\t\t<p>Le monde dans lequel nous sommes plong\u00e9 est en constante \u00e9volution. Il est, donc, normal que nous recherchions \u00e0 faire de m\u00eame. Nous \u00e9voluons autant int\u00e9rieurement qu&rsquo;\u00e0 l&rsquo;ext\u00e9rieur. Notre perception des choses est model\u00e9e et fa\u00e7onn\u00e9e par la soci\u00e9t\u00e9 elle-m\u00eame.<\/p>\n<p>Lorsque l&rsquo;on d\u00e9sire approfondir ses notions afin de ma\u00eetriser une connaissance, que l&rsquo;on veut passer \u00e0 un niveau sup\u00e9rieur, nous nous devons de comprendre l&rsquo;incompr\u00e9hensible et de faire de nous les initi\u00e9s de cette m\u00e9thode nouvelle.<\/p>\n<p>Notre vision de la coiffure est un sujet qui a \u00e9t\u00e9 maintes fois revisit\u00e9. Ces multiples philosophies sont toutes aussi valables les unes que les autres. Qu&rsquo;est-ce qui fait qu&rsquo;une philosophie est meilleure qu&rsquo;une autre ? Ce sont les r\u00e9sultats que vous aurez avec celle-ci. Soit elle vous apporte des bases \u00e9normes afin de vous aider \u00e0 cr\u00e9er des looks solides pour vos clients, soit elle vous aide \u00e0 bien analyser la construction de votre forme, de vos mouvements et de l&rsquo;espace que doit occuper la chevelure de votre cliente.<\/p>\n\t\t\t\t\t\t\t\t\t\t\t\t\t\t<a href=\"https:\/\/www.arcanic.hair\/en\/produits\/\" target=\"_self\" title=\"PRODUCTS\" rel=\"noopener\">\n\t\t\t\t<img decoding=\"async\" src=\"https:\/\/www.arcanic.hair\/wp-content\/uploads\/ARCANIC-Products-PROTECTION-Heat-Protecting-Smoothing-VOLUME-Maximizer-Hairstylist-Hairstyle-Hairdresser-Cut-Brush-Style-Design-250ml-Spray-SM_logo.webp\" alt=\"Arcanic Les produits SMlogo Black Coiffure Brushing Style Design Capilaires Cheveux Hair Dresser Coiffant\" \/>\n\t\t\t\t<\/a>\n\t\t\t<a href=\"https:\/\/www.arcanic.hair\/en\/produits\/\" target=\"_self\" role=\"button\" aria-label=\"MORE\" rel=\"noopener\">\n\t\t\t\t\t\t\tMORE\n\t\t<\/a>\n\t\t\t<h3>\n\t\t\t\t<a href=\"https:\/\/www.arcanic.hair\/en\/produits\/\" title=\"PRODUCTS\" tabindex=\"0\">PRODUCTS<\/a>\t\t\t<\/h3>\n\t\t\t\t\t\t\t\t\t\t\t\t\t\t<a href=\"https:\/\/www.arcanic.hair\/en\/academie\/\" target=\"_self\" title=\"l&rsquo;Acad\u00e9mie\" rel=\"noopener\">\n\t\t\t\t<img decoding=\"async\" src=\"https:\/\/www.arcanic.hair\/wp-content\/uploads\/Arcanic-ACADEMY-Contessa-Awards-winner-Training-Technical-Courses-Learning-coaching-masterclasses-labs-Hairstylist-Hairstyle-Hairdresser-Cut-Brush-Style-Design-SM_logo.webp\" alt=\"Arcanic Academie SMlogo White Prix Contessa Coiffure Formation Coupe Brushing Style Design Chevelure Cheveux Hair Dresser\" \/>\n\t\t\t\t<\/a>\n\t\t\t<a href=\"https:\/\/www.arcanic.hair\/en\/academie\/\" target=\"_self\" role=\"button\" aria-label=\"MORE\" rel=\"noopener\">\n\t\t\t\t\t\t\tMORE\n\t\t<\/a>\n\t\t\t<h3>\n\t\t\t\t<a href=\"https:\/\/www.arcanic.hair\/en\/academie\/\" title=\"l&rsquo;Acad\u00e9mie\" tabindex=\"0\">ACADEMY<\/a>\t\t\t<\/h3>\n\t\t\t\t\t\t\t\t\t\t\t\t\t\t<a href=\"https:\/\/www.arcanic.hair\/en\/studio\/\" target=\"_self\" title=\"STUDIO\" rel=\"noopener\">\n\t\t\t\t<img decoding=\"async\" src=\"https:\/\/www.arcanic.hair\/wp-content\/uploads\/Arcanic-STUDIO-Contessa-Awards-winner-Hairstylist-Hairstyle-Hairdresser-Styler-Haircutter-Brush-Style-Design-SM_logo.webp\" alt=\"Arcanic Le Studio SMlogo White Prix Contessa Coiffure Coupe Brushing Style Design Chevelure Cheveux Hair Dresser\" \/>\n\t\t\t\t<\/a>\n\t\t\t<a href=\"https:\/\/www.arcanic.hair\/en\/studio\/\" target=\"_self\" role=\"button\" aria-label=\"MORE\" rel=\"noopener\">\n\t\t\t\t\t\t\tMORE\n\t\t<\/a>\n\t\t\t<h3>\n\t\t\t\t<a href=\"https:\/\/www.arcanic.hair\/en\/studio\/\" title=\"STUDIO\" tabindex=\"0\">STUDIO<\/a>\t\t\t<\/h3>","protected":false},"excerpt":{"rendered":"<p>aRcaNiC LES PRODUITS, L&rsquo;ACAD\u00c9MIE &amp;\u00a0 LE STUDIO \u00c0 PROPOS ERIC ST-JEAN La passion pour la coiffure d&rsquo;Eric St-Jean se ressent partout o\u00f9 il passe. Sa volont\u00e9 \u00e0 vouloir aider et transmettre aux autres le d\u00e9sir de s&rsquo;am\u00e9liorer et de se d\u00e9passer font de ses formations un \u00ab\u00a0Must\u00a0\u00bb unique pour tout professionnel de la coiffure. Cette&hellip;<\/p>","protected":false},"author":3,"featured_media":539,"parent":0,"menu_order":0,"comment_status":"closed","ping_status":"closed","template":"","meta":{"inline_featured_image":false,"footnotes":""},"class_list":["post-547","page","type-page","status-publish","has-post-thumbnail","hentry"],"yoast_head":"<!-- This site is optimized with the Yoast SEO plugin v27.5 - https:\/\/yoast.com\/product\/yoast-seo-wordpress\/ -->\n<title>\u00c0 Propos - ARCANIC<\/title>\n<meta name=\"description\" content=\"La philosophie et la vocation d&#039;enseignement d\u2019\u00c9ric St-Jean avec la marque ARCANIC - LES PRODUITS, L&#039;ACAD\u00c9MIE &amp; LE STUDIO.\" \/>\n<meta name=\"robots\" content=\"index, follow, max-snippet:-1, max-image-preview:large, max-video-preview:-1\" \/>\n<link rel=\"canonical\" href=\"https:\/\/www.arcanic.hair\/en\/a-propos\/\" \/>\n<meta property=\"og:locale\" content=\"en_US\" \/>\n<meta property=\"og:type\" content=\"article\" \/>\n<meta property=\"og:title\" content=\"ARCANIC | \u00c0 propos\" \/>\n<meta property=\"og:description\" content=\"La philosophie et la vocation d&#039;enseignement d\u2019\u00c9ric St-Jean avec sa marque ARCANIC - LES PRODUITS, L&#039;ACAD\u00c9MIE &amp; LE STUDIO.\" \/>\n<meta property=\"og:url\" content=\"https:\/\/www.arcanic.hair\/en\/a-propos\/\" \/>\n<meta property=\"og:site_name\" content=\"ARCANIC\" \/>\n<meta property=\"article:publisher\" content=\"https:\/\/www.facebook.com\/ericthehairdresser\" \/>\n<meta property=\"article:modified_time\" content=\"2023-07-21T15:11:03+00:00\" \/>\n<meta property=\"og:image\" content=\"https:\/\/www.arcanic.hair\/wp-content\/uploads\/Arcanic-Accueil-PRODUITS-ACADEMIE-STUDIO-Coiffure-Formation-Coupe-Brushing-Style-design-produits-capilaires-Chevelure-cheveux-hair-dresser-coiffant-SM.webp\" \/>\n\t<meta property=\"og:image:width\" content=\"1500\" \/>\n\t<meta property=\"og:image:height\" content=\"775\" \/>\n\t<meta property=\"og:image:type\" content=\"image\/webp\" \/>\n<meta name=\"twitter:card\" content=\"summary_large_image\" \/>\n<meta name=\"twitter:title\" content=\"ARCANIC | \u00c0 propos\" \/>\n<meta name=\"twitter:description\" content=\"La philosophie et la vocation d&#039;enseignement d\u2019\u00c9ric St-Jean avec la marque ARCANIC - LES PRODUITS, L&#039;ACAD\u00c9MIE &amp; LE STUDIO.\" \/>\n<meta name=\"twitter:image\" content=\"https:\/\/www.arcanic.hair\/wp-content\/uploads\/Arcanic-Accueil-PRODUITS-ACADEMIE-STUDIO-Coiffure-Formation-Coupe-Brushing-Style-design-produits-capilaires-Chevelure-cheveux-hair-dresser-coiffant-SM.webp\" \/>\n<meta name=\"twitter:label1\" content=\"Est. reading time\" \/>\n\t<meta name=\"twitter:data1\" content=\"3 minutes\" \/>\n<script type=\"application\/ld+json\" class=\"yoast-schema-graph\">{\"@context\":\"https:\\\/\\\/schema.org\",\"@graph\":[{\"@type\":\"WebPage\",\"@id\":\"https:\\\/\\\/www.arcanic.hair\\\/a-propos\\\/\",\"url\":\"https:\\\/\\\/www.arcanic.hair\\\/a-propos\\\/\",\"name\":\"\u00c0 Propos - ARCANIC\",\"isPartOf\":{\"@id\":\"https:\\\/\\\/www.arcanic.hair\\\/#website\"},\"primaryImageOfPage\":{\"@id\":\"https:\\\/\\\/www.arcanic.hair\\\/a-propos\\\/#primaryimage\"},\"image\":{\"@id\":\"https:\\\/\\\/www.arcanic.hair\\\/a-propos\\\/#primaryimage\"},\"thumbnailUrl\":\"https:\\\/\\\/www.arcanic.hair\\\/wp-content\\\/uploads\\\/Arcanic-Accueil-PRODUITS-ACADEMIE-STUDIO-Coiffure-Formation-Coupe-Brushing-Style-design-produits-capilaires-Chevelure-cheveux-hair-dresser-coiffant-SM.webp\",\"datePublished\":\"2023-04-12T18:20:25+00:00\",\"dateModified\":\"2023-07-21T15:11:03+00:00\",\"description\":\"La philosophie et la vocation d'enseignement d\u2019\u00c9ric St-Jean avec la marque ARCANIC - LES PRODUITS, L'ACAD\u00c9MIE & LE STUDIO.\",\"breadcrumb\":{\"@id\":\"https:\\\/\\\/www.arcanic.hair\\\/a-propos\\\/#breadcrumb\"},\"inLanguage\":\"en-US\",\"potentialAction\":[{\"@type\":\"ReadAction\",\"target\":[\"https:\\\/\\\/www.arcanic.hair\\\/a-propos\\\/\"]}]},{\"@type\":\"ImageObject\",\"inLanguage\":\"en-US\",\"@id\":\"https:\\\/\\\/www.arcanic.hair\\\/a-propos\\\/#primaryimage\",\"url\":\"https:\\\/\\\/www.arcanic.hair\\\/wp-content\\\/uploads\\\/Arcanic-Accueil-PRODUITS-ACADEMIE-STUDIO-Coiffure-Formation-Coupe-Brushing-Style-design-produits-capilaires-Chevelure-cheveux-hair-dresser-coiffant-SM.webp\",\"contentUrl\":\"https:\\\/\\\/www.arcanic.hair\\\/wp-content\\\/uploads\\\/Arcanic-Accueil-PRODUITS-ACADEMIE-STUDIO-Coiffure-Formation-Coupe-Brushing-Style-design-produits-capilaires-Chevelure-cheveux-hair-dresser-coiffant-SM.webp\",\"width\":1500,\"height\":775,\"caption\":\"Arcanic Accueil PRODUITS ACADEMIE STUDIO Coiffure Formation Coupe Brushing Style design produits capilaires Chevelure cheveux hair dresser coiffant SM\"},{\"@type\":\"BreadcrumbList\",\"@id\":\"https:\\\/\\\/www.arcanic.hair\\\/a-propos\\\/#breadcrumb\",\"itemListElement\":[{\"@type\":\"ListItem\",\"position\":1,\"name\":\"Home\",\"item\":\"https:\\\/\\\/www.arcanic.hair\\\/\"},{\"@type\":\"ListItem\",\"position\":2,\"name\":\"\u00c0 Propos\"}]},{\"@type\":\"WebSite\",\"@id\":\"https:\\\/\\\/www.arcanic.hair\\\/#website\",\"url\":\"https:\\\/\\\/www.arcanic.hair\\\/\",\"name\":\"ARCANIC\",\"description\":\"Pro Hairdressing Products\",\"publisher\":{\"@id\":\"https:\\\/\\\/www.arcanic.hair\\\/#organization\"},\"potentialAction\":[{\"@type\":\"SearchAction\",\"target\":{\"@type\":\"EntryPoint\",\"urlTemplate\":\"https:\\\/\\\/www.arcanic.hair\\\/?s={search_term_string}\"},\"query-input\":{\"@type\":\"PropertyValueSpecification\",\"valueRequired\":true,\"valueName\":\"search_term_string\"}}],\"inLanguage\":\"en-US\"},{\"@type\":\"Organization\",\"@id\":\"https:\\\/\\\/www.arcanic.hair\\\/#organization\",\"name\":\"ARCANIC\",\"url\":\"https:\\\/\\\/www.arcanic.hair\\\/\",\"logo\":{\"@type\":\"ImageObject\",\"inLanguage\":\"en-US\",\"@id\":\"https:\\\/\\\/www.arcanic.hair\\\/#\\\/schema\\\/logo\\\/image\\\/\",\"url\":\"https:\\\/\\\/www.arcanic.hair\\\/wp-content\\\/uploads\\\/Arcanic-Accueil-PRODUITS-ACADEMIE-STUDIO-Coiffure-Formation-Coupe-Brushing-Style-design-produits-capilaires-Chevelure-cheveux-hair-dresser-coiffant-SM.webp\",\"contentUrl\":\"https:\\\/\\\/www.arcanic.hair\\\/wp-content\\\/uploads\\\/Arcanic-Accueil-PRODUITS-ACADEMIE-STUDIO-Coiffure-Formation-Coupe-Brushing-Style-design-produits-capilaires-Chevelure-cheveux-hair-dresser-coiffant-SM.webp\",\"width\":1500,\"height\":775,\"caption\":\"ARCANIC\"},\"image\":{\"@id\":\"https:\\\/\\\/www.arcanic.hair\\\/#\\\/schema\\\/logo\\\/image\\\/\"},\"sameAs\":[\"https:\\\/\\\/www.facebook.com\\\/ericthehairdresser\",\"https:\\\/\\\/www.instagram.com\\\/arcanic.hair\\\/\",\"https:\\\/\\\/www.youtube.com\\\/@stryck22\"]}]}<\/script>\n<!-- \/ Yoast SEO plugin. -->","yoast_head_json":{"title":"\u00c0 Propos - ARCANIC","description":"La philosophie et la vocation d'enseignement d\u2019\u00c9ric St-Jean avec la marque ARCANIC - LES PRODUITS, L'ACAD\u00c9MIE & LE STUDIO.","robots":{"index":"index","follow":"follow","max-snippet":"max-snippet:-1","max-image-preview":"max-image-preview:large","max-video-preview":"max-video-preview:-1"},"canonical":"https:\/\/www.arcanic.hair\/en\/a-propos\/","og_locale":"en_US","og_type":"article","og_title":"ARCANIC | \u00c0 propos","og_description":"La philosophie et la vocation d'enseignement d\u2019\u00c9ric St-Jean avec sa marque ARCANIC - LES PRODUITS, L'ACAD\u00c9MIE & LE STUDIO.","og_url":"https:\/\/www.arcanic.hair\/en\/a-propos\/","og_site_name":"ARCANIC","article_publisher":"https:\/\/www.facebook.com\/ericthehairdresser","article_modified_time":"2023-07-21T15:11:03+00:00","og_image":[{"width":1500,"height":775,"url":"https:\/\/www.arcanic.hair\/wp-content\/uploads\/Arcanic-Accueil-PRODUITS-ACADEMIE-STUDIO-Coiffure-Formation-Coupe-Brushing-Style-design-produits-capilaires-Chevelure-cheveux-hair-dresser-coiffant-SM.webp","type":"image\/webp"}],"twitter_card":"summary_large_image","twitter_title":"ARCANIC | \u00c0 propos","twitter_description":"La philosophie et la vocation d'enseignement d\u2019\u00c9ric St-Jean avec la marque ARCANIC - LES PRODUITS, L'ACAD\u00c9MIE & LE STUDIO.","twitter_image":"https:\/\/www.arcanic.hair\/wp-content\/uploads\/Arcanic-Accueil-PRODUITS-ACADEMIE-STUDIO-Coiffure-Formation-Coupe-Brushing-Style-design-produits-capilaires-Chevelure-cheveux-hair-dresser-coiffant-SM.webp","twitter_misc":{"Est. reading time":"3 minutes"},"schema":{"@context":"https:\/\/schema.org","@graph":[{"@type":"WebPage","@id":"https:\/\/www.arcanic.hair\/a-propos\/","url":"https:\/\/www.arcanic.hair\/a-propos\/","name":"\u00c0 Propos - ARCANIC","isPartOf":{"@id":"https:\/\/www.arcanic.hair\/#website"},"primaryImageOfPage":{"@id":"https:\/\/www.arcanic.hair\/a-propos\/#primaryimage"},"image":{"@id":"https:\/\/www.arcanic.hair\/a-propos\/#primaryimage"},"thumbnailUrl":"https:\/\/www.arcanic.hair\/wp-content\/uploads\/Arcanic-Accueil-PRODUITS-ACADEMIE-STUDIO-Coiffure-Formation-Coupe-Brushing-Style-design-produits-capilaires-Chevelure-cheveux-hair-dresser-coiffant-SM.webp","datePublished":"2023-04-12T18:20:25+00:00","dateModified":"2023-07-21T15:11:03+00:00","description":"La philosophie et la vocation d'enseignement d\u2019\u00c9ric St-Jean avec la marque ARCANIC - LES PRODUITS, L'ACAD\u00c9MIE & LE STUDIO.","breadcrumb":{"@id":"https:\/\/www.arcanic.hair\/a-propos\/#breadcrumb"},"inLanguage":"en-US","potentialAction":[{"@type":"ReadAction","target":["https:\/\/www.arcanic.hair\/a-propos\/"]}]},{"@type":"ImageObject","inLanguage":"en-US","@id":"https:\/\/www.arcanic.hair\/a-propos\/#primaryimage","url":"https:\/\/www.arcanic.hair\/wp-content\/uploads\/Arcanic-Accueil-PRODUITS-ACADEMIE-STUDIO-Coiffure-Formation-Coupe-Brushing-Style-design-produits-capilaires-Chevelure-cheveux-hair-dresser-coiffant-SM.webp","contentUrl":"https:\/\/www.arcanic.hair\/wp-content\/uploads\/Arcanic-Accueil-PRODUITS-ACADEMIE-STUDIO-Coiffure-Formation-Coupe-Brushing-Style-design-produits-capilaires-Chevelure-cheveux-hair-dresser-coiffant-SM.webp","width":1500,"height":775,"caption":"Arcanic Accueil PRODUITS ACADEMIE STUDIO Coiffure Formation Coupe Brushing Style design produits capilaires Chevelure cheveux hair dresser coiffant SM"},{"@type":"BreadcrumbList","@id":"https:\/\/www.arcanic.hair\/a-propos\/#breadcrumb","itemListElement":[{"@type":"ListItem","position":1,"name":"Home","item":"https:\/\/www.arcanic.hair\/"},{"@type":"ListItem","position":2,"name":"\u00c0 Propos"}]},{"@type":"WebSite","@id":"https:\/\/www.arcanic.hair\/#website","url":"https:\/\/www.arcanic.hair\/","name":"ARCANIC","description":"Pro Hairdressing Products","publisher":{"@id":"https:\/\/www.arcanic.hair\/#organization"},"potentialAction":[{"@type":"SearchAction","target":{"@type":"EntryPoint","urlTemplate":"https:\/\/www.arcanic.hair\/?s={search_term_string}"},"query-input":{"@type":"PropertyValueSpecification","valueRequired":true,"valueName":"search_term_string"}}],"inLanguage":"en-US"},{"@type":"Organization","@id":"https:\/\/www.arcanic.hair\/#organization","name":"ARCANIC","url":"https:\/\/www.arcanic.hair\/","logo":{"@type":"ImageObject","inLanguage":"en-US","@id":"https:\/\/www.arcanic.hair\/#\/schema\/logo\/image\/","url":"https:\/\/www.arcanic.hair\/wp-content\/uploads\/Arcanic-Accueil-PRODUITS-ACADEMIE-STUDIO-Coiffure-Formation-Coupe-Brushing-Style-design-produits-capilaires-Chevelure-cheveux-hair-dresser-coiffant-SM.webp","contentUrl":"https:\/\/www.arcanic.hair\/wp-content\/uploads\/Arcanic-Accueil-PRODUITS-ACADEMIE-STUDIO-Coiffure-Formation-Coupe-Brushing-Style-design-produits-capilaires-Chevelure-cheveux-hair-dresser-coiffant-SM.webp","width":1500,"height":775,"caption":"ARCANIC"},"image":{"@id":"https:\/\/www.arcanic.hair\/#\/schema\/logo\/image\/"},"sameAs":["https:\/\/www.facebook.com\/ericthehairdresser","https:\/\/www.instagram.com\/arcanic.hair\/","https:\/\/www.youtube.com\/@stryck22"]}]}},"_links":{"self":[{"href":"https:\/\/www.arcanic.hair\/en\/wp-json\/wp\/v2\/pages\/547","targetHints":{"allow":["GET"]}}],"collection":[{"href":"https:\/\/www.arcanic.hair\/en\/wp-json\/wp\/v2\/pages"}],"about":[{"href":"https:\/\/www.arcanic.hair\/en\/wp-json\/wp\/v2\/types\/page"}],"author":[{"embeddable":true,"href":"https:\/\/www.arcanic.hair\/en\/wp-json\/wp\/v2\/users\/3"}],"replies":[{"embeddable":true,"href":"https:\/\/www.arcanic.hair\/en\/wp-json\/wp\/v2\/comments?post=547"}],"version-history":[{"count":0,"href":"https:\/\/www.arcanic.hair\/en\/wp-json\/wp\/v2\/pages\/547\/revisions"}],"wp:featuredmedia":[{"embeddable":true,"href":"https:\/\/www.arcanic.hair\/en\/wp-json\/wp\/v2\/media\/539"}],"wp:attachment":[{"href":"https:\/\/www.arcanic.hair\/en\/wp-json\/wp\/v2\/media?parent=547"}],"curies":[{"name":"wp","href":"https:\/\/api.w.org\/{rel}","templated":true}]}}