{"id":429,"date":"2023-03-27T19:13:44","date_gmt":"2023-03-27T19:13:44","guid":{"rendered":"https:\/\/www.arcanic.hair\/?page_id=429"},"modified":"2024-05-15T15:13:08","modified_gmt":"2024-05-15T19:13:08","slug":"volume","status":"publish","type":"page","link":"https:\/\/www.arcanic.hair\/en\/volume\/","title":{"rendered":"Volume"},"content":{"rendered":"<img loading=\"lazy\" decoding=\"async\" src=\"https:\/\/www.arcanic.hair\/wp-content\/uploads\/Volume-IconSM-Arcanic-250ml-spray-maximisateur-maximizer-durable-souplesse-produits-Hair-dresser-design-coiffure-outils-coiffant.svg\" alt=\"Volume IconSM Arcanic 250ml spray maximisateur maximizer durable souplesse produits Hair dresser design coiffure outils coiffant\" itemprop=\"image\" height=\"0\" width=\"0\" title=\"Volume IconSM Arcanic 250ml spray maximisateur maximizer durable souplesse produits Hair dresser design coiffure outils coiffant\" onerror=\"this.style.display='none'\"  \/>\n\t\t\t\t<a href=\"https:\/\/www.arcanic.hair\/wp-content\/uploads\/VOLUME-MKP-Arcanic-250ml-spray-maximisateur-maximizer-durable-souplesse-produits-Hair-dresser-design-coiffure-outils-coiffant.webp\" target=\"_self\" itemprop=\"url\" rel=\"noopener\">\n\t\t\t\t<img loading=\"lazy\" decoding=\"async\" src=\"https:\/\/www.arcanic.hair\/wp-content\/uploads\/VOLUME-MKP-Arcanic-250ml-spray-maximisateur-maximizer-durable-souplesse-produits-Hair-dresser-design-coiffure-outils-coiffant.webp\" alt=\"VOLUME MKP Arcanic 250ml spray maximisateur maximizer durable souplesse produits Hair dresser design coiffure outils coiffant\" itemprop=\"image\" height=\"1999\" width=\"687\" title=\"VOLUME MKP Arcanic 250ml spray maximisateur maximizer durable souplesse produits Hair dresser design coiffure outils coiffant\" onerror=\"this.style.display='none'\"  \/>\n\t\t\t\t<\/a>\n\t\t\t\t<p class=\" translation-block\">Provides long-lasting, supple volume<br>Protects from heat up to 232 \u030aC\/450 \u030aF <br>Reduces drying time\n<br>Extends the duration of your style<\/p>\n\t\t\t<a href=\"https:\/\/www.maisonarcanic.com\/product-page\/volume\" target=\"_blank\" role=\"button\" rel=\"noopener nofollow\">\n\t\t\t\t\t\t\tBUY NOW\n\t\t\t<\/a>\n\t\t\t<h1>VOLUME<\/h1>\t\t\t\n\t\t\t\t<p>VOLUME est un maximisateur de volume, prolongateur de style, qui donne un volume durable et une souplesse \u00e0 votre chevelure tout en ayant une impression de l\u00e9g\u00e8ret\u00e9. Votre coiffure poss\u00e9dera une long\u00e9vit\u00e9 in\u00e9gal\u00e9e tout en \u00e9tant prot\u00e9g\u00e9e des agressions des outils coiffants, de l&rsquo;oxydation naturelle des cheveux et des rayons dommageables du soleil.<\/p>\n\t\t\t<h3>KEY INGREDIENTS<\/h3>\t\t\t\n\t\t\t\t<p class=\" translation-block\"><strong>Polyimide-1<\/strong> : Polyimide is a polymer that provides flexible volume in the hair as well as root lift. It creates a barrier on the hair which contributes to the retention of the right humidity of the hair, thus helping to prolong the hairstyle.<\/p>\n<p><strong>Complexe d&rsquo;Acides Amin\u00e9es <\/strong>: Les acides amin\u00e9es ont une grande capacit\u00e9 de diffusion dans le cortex de la fibre capillaire et la capacit\u00e9 d&rsquo;aider \u00e0 la r\u00e9cup\u00e9ration des dommages de la cuticule capillaire.<\/p>\n<p class=\" translation-block\"><strong>Hydrolyzed Plant Protein<\/strong> <span style=\"font-family: system-ui, -apple-system, BlinkMacSystemFont, 'Segoe UI', Roboto, Oxygen, Ubuntu, Cantarell, 'Open Sans', 'Helvetica Neue', sans-serif\">: Hydrolyzed Plant Protein penetrates the hair, and its hydrophilic groups work from within the fibers to bind water molecules, providing deep hydration to reduce hair fiber brittleness and the creation of split-ends. It is a vegetable keratin.<\/span><\/p>\n<p class=\" translation-block\"><strong>Apigenin<\/strong> : Apigenin is extracted from chamomile. It is a powerful antioxidant that stops the reactions favored by oxygen, thus avoiding oxidation. It is also a natural sunscreen and protects against UV rays.<\/p>\n<p class=\" translation-block\"><strong>Hydrolyzed Corn Starch<\/strong> : Hydrolyzed Corn Starch is a fantastic volumizer that adds thickness but not weight to hair. Another benefit: When your scalp is oily or damp (for example; in the summer or after a workout), cornstarch absorbs that condensation and grease so that your scalp and hair stay cool and, if they are not clean, they look and smell clean.<\/p>\n<p class=\" translation-block\"><strong>Pink grapefruit essential oil<\/strong> : Grapefruit essential oil is recognized for properties that slow down hair loss. In addition, it promotes the elimination of water.<\/p>\n\t\t\t<h3>MODE D&rsquo;EMPLOI<\/h3>\t\t\t\n\t\t\t\t<p>Vaporiser sur les cheveux propres et humides ou sur cheveux secs et proc\u00e9der \u00e0 votre coiffage. \u00c9viter tout contact avec les yeux. En cas de contact, rincer \u00e0 l&rsquo;eau.<\/p>\n<p>*Made in Quebec, Canada and 100% recyclable container.<\/p>\n\t\t\t\t<img decoding=\"async\" src=\"https:\/\/www.arcanic.hair\/wp-content\/uploads\/PROTECTION-MKP-Arcanic-250ml-spray-Protecting-Smooting-protecteur-lissant-prolongateur-reparateur-brillance-souplesse-produits-Hair-dresser-design-coiffure-outils-coiffant.webp\" alt=\"PROTECTION MKP Arcanic 250ml spray Protecting Smooting protecteur lissant prolongateur reparateur brillance souplesse produits Hair dresser design coiffure outils coiffant\" title=\"PROTECTION MKP Arcanic 250ml spray Protecting Smooting protecteur lissant prolongateur reparateur brillance souplesse produits Hair dresser design coiffure outils coiffant\" itemprop=\"image\"\/>\n\t\t\t<h5>OTHER ARCANIC PRODUCT:<\/h5><h3>PROTECTION<\/h3>\t\t\t\n<p>Heat protecting smoothing spray<\/p>\n\t\t\t<a href=\"https:\/\/www.arcanic.hair\/en\/protection\/\" target=\"_self\" role=\"button\" aria-label=\"DETAILS\" rel=\"noopener\">\n\t\t\t\t\t\t\tDETAILS\n\t\t<\/a>","protected":false},"excerpt":{"rendered":"<p>Procure un volume durable et soupleProt\u00e8ge de la chaleur jusqu&rsquo;\u00e0 232 \u030aC\/450 \u030aFR\u00e9duit le temps de s\u00e9chageProlonge la dur\u00e9e de votre style Acheter VOLUME VOLUME est un maximisateur de volume, prolongateur de style, qui donne un volume durable et une souplesse \u00e0 votre chevelure tout en ayant une impression de l\u00e9g\u00e8ret\u00e9. Votre coiffure poss\u00e9dera une&hellip;<\/p>","protected":false},"author":3,"featured_media":414,"parent":0,"menu_order":0,"comment_status":"closed","ping_status":"closed","template":"","meta":{"inline_featured_image":false,"footnotes":""},"class_list":["post-429","page","type-page","status-publish","has-post-thumbnail","hentry"],"yoast_head":"<!-- This site is optimized with the Yoast SEO plugin v27.5 - https:\/\/yoast.com\/product\/yoast-seo-wordpress\/ -->\n<title>ARCANIC | PRODUIT: VOLUME<\/title>\n<meta name=\"description\" content=\"VOLUME - Maximisateur de volume, prolongateur de style durable avec souplesse \u00e0 votre chevelure tout en ayant une impression de l\u00e9g\u00e8ret\u00e9.\" \/>\n<meta name=\"robots\" content=\"index, follow, max-snippet:-1, max-image-preview:large, max-video-preview:-1\" \/>\n<link rel=\"canonical\" href=\"https:\/\/www.arcanic.hair\/en\/volume\/\" \/>\n<meta property=\"og:locale\" content=\"en_US\" \/>\n<meta property=\"og:type\" content=\"article\" \/>\n<meta property=\"og:title\" content=\"ARCANIC | PRODUIT: VOLUME\" \/>\n<meta property=\"og:description\" content=\"VOLUME - Maximisateur de volume, prolongateur de style durable avec souplesse \u00e0 votre chevelure tout en ayant une impression de l\u00e9g\u00e8ret\u00e9.\" \/>\n<meta property=\"og:url\" content=\"https:\/\/www.arcanic.hair\/en\/volume\/\" \/>\n<meta property=\"og:site_name\" content=\"ARCANIC\" \/>\n<meta property=\"article:publisher\" content=\"https:\/\/www.facebook.com\/ericthehairdresser\" \/>\n<meta property=\"article:modified_time\" content=\"2024-05-15T19:13:08+00:00\" \/>\n<meta property=\"og:image\" content=\"https:\/\/www.arcanic.hair\/wp-content\/uploads\/Volume-IconSM-Arcanic-250ml-spray-maximisateur-maximizer-durable-souplesse-produits-Hair-dresser-design-coiffure-outils-coiffant.webp\" \/>\n\t<meta property=\"og:image:width\" content=\"1500\" \/>\n\t<meta property=\"og:image:height\" content=\"775\" \/>\n\t<meta property=\"og:image:type\" content=\"image\/webp\" \/>\n<meta name=\"twitter:card\" content=\"summary_large_image\" \/>\n<meta name=\"twitter:title\" content=\"ARCANIC | PRODUIT: VOLUME\" \/>\n<meta name=\"twitter:description\" content=\"VOLUME - Maximisateur de volume, prolongateur de style durable avec souplesse \u00e0 votre chevelure tout en ayant une impression de l\u00e9g\u00e8ret\u00e9.\" \/>\n<meta name=\"twitter:image\" content=\"https:\/\/www.arcanic.hair\/wp-content\/uploads\/Volume-IconSM-Arcanic-250ml-spray-maximisateur-maximizer-durable-souplesse-produits-Hair-dresser-design-coiffure-outils-coiffant.webp\" \/>\n<meta name=\"twitter:label1\" content=\"Est. reading time\" \/>\n\t<meta name=\"twitter:data1\" content=\"3 minutes\" \/>\n<script type=\"application\/ld+json\" class=\"yoast-schema-graph\">{\"@context\":\"https:\\\/\\\/schema.org\",\"@graph\":[{\"@type\":\"WebPage\",\"@id\":\"https:\\\/\\\/www.arcanic.hair\\\/volume\\\/\",\"url\":\"https:\\\/\\\/www.arcanic.hair\\\/volume\\\/\",\"name\":\"ARCANIC | PRODUIT: VOLUME\",\"isPartOf\":{\"@id\":\"https:\\\/\\\/www.arcanic.hair\\\/#website\"},\"primaryImageOfPage\":{\"@id\":\"https:\\\/\\\/www.arcanic.hair\\\/volume\\\/#primaryimage\"},\"image\":{\"@id\":\"https:\\\/\\\/www.arcanic.hair\\\/volume\\\/#primaryimage\"},\"thumbnailUrl\":\"https:\\\/\\\/www.arcanic.hair\\\/wp-content\\\/uploads\\\/Volume-IconSM-Arcanic-250ml-spray-maximisateur-maximizer-durable-souplesse-produits-Hair-dresser-design-coiffure-outils-coiffant.webp\",\"datePublished\":\"2023-03-27T19:13:44+00:00\",\"dateModified\":\"2024-05-15T19:13:08+00:00\",\"description\":\"VOLUME - Maximisateur de volume, prolongateur de style durable avec souplesse \u00e0 votre chevelure tout en ayant une impression de l\u00e9g\u00e8ret\u00e9.\",\"breadcrumb\":{\"@id\":\"https:\\\/\\\/www.arcanic.hair\\\/volume\\\/#breadcrumb\"},\"inLanguage\":\"en-US\",\"potentialAction\":[{\"@type\":\"ReadAction\",\"target\":[\"https:\\\/\\\/www.arcanic.hair\\\/volume\\\/\"]}]},{\"@type\":\"ImageObject\",\"inLanguage\":\"en-US\",\"@id\":\"https:\\\/\\\/www.arcanic.hair\\\/volume\\\/#primaryimage\",\"url\":\"https:\\\/\\\/www.arcanic.hair\\\/wp-content\\\/uploads\\\/Volume-IconSM-Arcanic-250ml-spray-maximisateur-maximizer-durable-souplesse-produits-Hair-dresser-design-coiffure-outils-coiffant.webp\",\"contentUrl\":\"https:\\\/\\\/www.arcanic.hair\\\/wp-content\\\/uploads\\\/Volume-IconSM-Arcanic-250ml-spray-maximisateur-maximizer-durable-souplesse-produits-Hair-dresser-design-coiffure-outils-coiffant.webp\",\"width\":1500,\"height\":775,\"caption\":\"Volume IconSM Arcanic 250ml spray maximisateur maximizer durable souplesse produits Hair dresser design coiffure outils coiffant\"},{\"@type\":\"BreadcrumbList\",\"@id\":\"https:\\\/\\\/www.arcanic.hair\\\/volume\\\/#breadcrumb\",\"itemListElement\":[{\"@type\":\"ListItem\",\"position\":1,\"name\":\"Home\",\"item\":\"https:\\\/\\\/www.arcanic.hair\\\/\"},{\"@type\":\"ListItem\",\"position\":2,\"name\":\"Volume\"}]},{\"@type\":\"WebSite\",\"@id\":\"https:\\\/\\\/www.arcanic.hair\\\/#website\",\"url\":\"https:\\\/\\\/www.arcanic.hair\\\/\",\"name\":\"ARCANIC\",\"description\":\"Pro Hairdressing Products\",\"publisher\":{\"@id\":\"https:\\\/\\\/www.arcanic.hair\\\/#organization\"},\"potentialAction\":[{\"@type\":\"SearchAction\",\"target\":{\"@type\":\"EntryPoint\",\"urlTemplate\":\"https:\\\/\\\/www.arcanic.hair\\\/?s={search_term_string}\"},\"query-input\":{\"@type\":\"PropertyValueSpecification\",\"valueRequired\":true,\"valueName\":\"search_term_string\"}}],\"inLanguage\":\"en-US\"},{\"@type\":\"Organization\",\"@id\":\"https:\\\/\\\/www.arcanic.hair\\\/#organization\",\"name\":\"ARCANIC\",\"url\":\"https:\\\/\\\/www.arcanic.hair\\\/\",\"logo\":{\"@type\":\"ImageObject\",\"inLanguage\":\"en-US\",\"@id\":\"https:\\\/\\\/www.arcanic.hair\\\/#\\\/schema\\\/logo\\\/image\\\/\",\"url\":\"https:\\\/\\\/www.arcanic.hair\\\/wp-content\\\/uploads\\\/Arcanic-Accueil-PRODUITS-ACADEMIE-STUDIO-Coiffure-Formation-Coupe-Brushing-Style-design-produits-capilaires-Chevelure-cheveux-hair-dresser-coiffant-SM.webp\",\"contentUrl\":\"https:\\\/\\\/www.arcanic.hair\\\/wp-content\\\/uploads\\\/Arcanic-Accueil-PRODUITS-ACADEMIE-STUDIO-Coiffure-Formation-Coupe-Brushing-Style-design-produits-capilaires-Chevelure-cheveux-hair-dresser-coiffant-SM.webp\",\"width\":1500,\"height\":775,\"caption\":\"ARCANIC\"},\"image\":{\"@id\":\"https:\\\/\\\/www.arcanic.hair\\\/#\\\/schema\\\/logo\\\/image\\\/\"},\"sameAs\":[\"https:\\\/\\\/www.facebook.com\\\/ericthehairdresser\",\"https:\\\/\\\/www.instagram.com\\\/arcanic.hair\\\/\",\"https:\\\/\\\/www.youtube.com\\\/@stryck22\"]}]}<\/script>\n<!-- \/ Yoast SEO plugin. -->","yoast_head_json":{"title":"ARCANIC | PRODUIT: VOLUME","description":"VOLUME - Maximisateur de volume, prolongateur de style durable avec souplesse \u00e0 votre chevelure tout en ayant une impression de l\u00e9g\u00e8ret\u00e9.","robots":{"index":"index","follow":"follow","max-snippet":"max-snippet:-1","max-image-preview":"max-image-preview:large","max-video-preview":"max-video-preview:-1"},"canonical":"https:\/\/www.arcanic.hair\/en\/volume\/","og_locale":"en_US","og_type":"article","og_title":"ARCANIC | PRODUIT: VOLUME","og_description":"VOLUME - Maximisateur de volume, prolongateur de style durable avec souplesse \u00e0 votre chevelure tout en ayant une impression de l\u00e9g\u00e8ret\u00e9.","og_url":"https:\/\/www.arcanic.hair\/en\/volume\/","og_site_name":"ARCANIC","article_publisher":"https:\/\/www.facebook.com\/ericthehairdresser","article_modified_time":"2024-05-15T19:13:08+00:00","og_image":[{"width":1500,"height":775,"url":"https:\/\/www.arcanic.hair\/wp-content\/uploads\/Volume-IconSM-Arcanic-250ml-spray-maximisateur-maximizer-durable-souplesse-produits-Hair-dresser-design-coiffure-outils-coiffant.webp","type":"image\/webp"}],"twitter_card":"summary_large_image","twitter_title":"ARCANIC | PRODUIT: VOLUME","twitter_description":"VOLUME - Maximisateur de volume, prolongateur de style durable avec souplesse \u00e0 votre chevelure tout en ayant une impression de l\u00e9g\u00e8ret\u00e9.","twitter_image":"https:\/\/www.arcanic.hair\/wp-content\/uploads\/Volume-IconSM-Arcanic-250ml-spray-maximisateur-maximizer-durable-souplesse-produits-Hair-dresser-design-coiffure-outils-coiffant.webp","twitter_misc":{"Est. reading time":"3 minutes"},"schema":{"@context":"https:\/\/schema.org","@graph":[{"@type":"WebPage","@id":"https:\/\/www.arcanic.hair\/volume\/","url":"https:\/\/www.arcanic.hair\/volume\/","name":"ARCANIC | PRODUIT: VOLUME","isPartOf":{"@id":"https:\/\/www.arcanic.hair\/#website"},"primaryImageOfPage":{"@id":"https:\/\/www.arcanic.hair\/volume\/#primaryimage"},"image":{"@id":"https:\/\/www.arcanic.hair\/volume\/#primaryimage"},"thumbnailUrl":"https:\/\/www.arcanic.hair\/wp-content\/uploads\/Volume-IconSM-Arcanic-250ml-spray-maximisateur-maximizer-durable-souplesse-produits-Hair-dresser-design-coiffure-outils-coiffant.webp","datePublished":"2023-03-27T19:13:44+00:00","dateModified":"2024-05-15T19:13:08+00:00","description":"VOLUME - Maximisateur de volume, prolongateur de style durable avec souplesse \u00e0 votre chevelure tout en ayant une impression de l\u00e9g\u00e8ret\u00e9.","breadcrumb":{"@id":"https:\/\/www.arcanic.hair\/volume\/#breadcrumb"},"inLanguage":"en-US","potentialAction":[{"@type":"ReadAction","target":["https:\/\/www.arcanic.hair\/volume\/"]}]},{"@type":"ImageObject","inLanguage":"en-US","@id":"https:\/\/www.arcanic.hair\/volume\/#primaryimage","url":"https:\/\/www.arcanic.hair\/wp-content\/uploads\/Volume-IconSM-Arcanic-250ml-spray-maximisateur-maximizer-durable-souplesse-produits-Hair-dresser-design-coiffure-outils-coiffant.webp","contentUrl":"https:\/\/www.arcanic.hair\/wp-content\/uploads\/Volume-IconSM-Arcanic-250ml-spray-maximisateur-maximizer-durable-souplesse-produits-Hair-dresser-design-coiffure-outils-coiffant.webp","width":1500,"height":775,"caption":"Volume IconSM Arcanic 250ml spray maximisateur maximizer durable souplesse produits Hair dresser design coiffure outils coiffant"},{"@type":"BreadcrumbList","@id":"https:\/\/www.arcanic.hair\/volume\/#breadcrumb","itemListElement":[{"@type":"ListItem","position":1,"name":"Home","item":"https:\/\/www.arcanic.hair\/"},{"@type":"ListItem","position":2,"name":"Volume"}]},{"@type":"WebSite","@id":"https:\/\/www.arcanic.hair\/#website","url":"https:\/\/www.arcanic.hair\/","name":"ARCANIC","description":"Pro Hairdressing Products","publisher":{"@id":"https:\/\/www.arcanic.hair\/#organization"},"potentialAction":[{"@type":"SearchAction","target":{"@type":"EntryPoint","urlTemplate":"https:\/\/www.arcanic.hair\/?s={search_term_string}"},"query-input":{"@type":"PropertyValueSpecification","valueRequired":true,"valueName":"search_term_string"}}],"inLanguage":"en-US"},{"@type":"Organization","@id":"https:\/\/www.arcanic.hair\/#organization","name":"ARCANIC","url":"https:\/\/www.arcanic.hair\/","logo":{"@type":"ImageObject","inLanguage":"en-US","@id":"https:\/\/www.arcanic.hair\/#\/schema\/logo\/image\/","url":"https:\/\/www.arcanic.hair\/wp-content\/uploads\/Arcanic-Accueil-PRODUITS-ACADEMIE-STUDIO-Coiffure-Formation-Coupe-Brushing-Style-design-produits-capilaires-Chevelure-cheveux-hair-dresser-coiffant-SM.webp","contentUrl":"https:\/\/www.arcanic.hair\/wp-content\/uploads\/Arcanic-Accueil-PRODUITS-ACADEMIE-STUDIO-Coiffure-Formation-Coupe-Brushing-Style-design-produits-capilaires-Chevelure-cheveux-hair-dresser-coiffant-SM.webp","width":1500,"height":775,"caption":"ARCANIC"},"image":{"@id":"https:\/\/www.arcanic.hair\/#\/schema\/logo\/image\/"},"sameAs":["https:\/\/www.facebook.com\/ericthehairdresser","https:\/\/www.instagram.com\/arcanic.hair\/","https:\/\/www.youtube.com\/@stryck22"]}]}},"_links":{"self":[{"href":"https:\/\/www.arcanic.hair\/en\/wp-json\/wp\/v2\/pages\/429","targetHints":{"allow":["GET"]}}],"collection":[{"href":"https:\/\/www.arcanic.hair\/en\/wp-json\/wp\/v2\/pages"}],"about":[{"href":"https:\/\/www.arcanic.hair\/en\/wp-json\/wp\/v2\/types\/page"}],"author":[{"embeddable":true,"href":"https:\/\/www.arcanic.hair\/en\/wp-json\/wp\/v2\/users\/3"}],"replies":[{"embeddable":true,"href":"https:\/\/www.arcanic.hair\/en\/wp-json\/wp\/v2\/comments?post=429"}],"version-history":[{"count":1,"href":"https:\/\/www.arcanic.hair\/en\/wp-json\/wp\/v2\/pages\/429\/revisions"}],"predecessor-version":[{"id":835,"href":"https:\/\/www.arcanic.hair\/en\/wp-json\/wp\/v2\/pages\/429\/revisions\/835"}],"wp:featuredmedia":[{"embeddable":true,"href":"https:\/\/www.arcanic.hair\/en\/wp-json\/wp\/v2\/media\/414"}],"wp:attachment":[{"href":"https:\/\/www.arcanic.hair\/en\/wp-json\/wp\/v2\/media?parent=429"}],"curies":[{"name":"wp","href":"https:\/\/api.w.org\/{rel}","templated":true}]}}