{"id":285,"date":"2023-02-22T21:24:56","date_gmt":"2023-02-22T21:24:56","guid":{"rendered":"https:\/\/arcanic.hair\/?page_id=285"},"modified":"2025-12-12T19:36:44","modified_gmt":"2025-12-12T23:36:44","slug":"studio","status":"publish","type":"page","link":"https:\/\/www.arcanic.hair\/en\/studio\/","title":{"rendered":"STUDIO"},"content":{"rendered":"<img loading=\"lazy\" decoding=\"async\" src=\"https:\/\/arcanic.hair\/wp-content\/uploads\/Logo-Arcanic-wh-VOLUME-maximisateur-durable-souplesse-PROTECTION-protecteur-lissant-prolongateur-re\u0301parateur-brillance-souplesse-produits-Hair-dresser-design-coiffure-outils-coiffant.svg\" alt=\"Logo Arcanic wh VOLUME maximisateur durable souplesse PROTECTION protecteur lissant prolongateur re\u0301parateur brillance souplesse produits Hair dresser design coiffure outils coiffant\" itemprop=\"image\" height=\"0\" width=\"0\" title=\"Logo Arcanic wh VOLUME maximisateur durable souplesse PROTECTION protecteur lissant prolongateur re\u0301parateur brillance souplesse produits Hair dresser design coiffure outils coiffant\" onerror=\"this.style.display='none'\"  \/>\n\t<p>STUDIO<\/p>\n\t\t\t<h1>services<\/h1>\n\t\t\t<h2>HAIRCUTS<\/h2>\t\t\t\n\t\t\t\t<p>Lors du service de coupe de cheveux stylis\u00e9, nos stylistes prennent le temps d&rsquo;analyser avec vous la coupe et la coiffure parfaite qui se mariera \u00e0 merveille avec votre morphologie. Celle-ci inclut aussi la mise en plis en tout temps.<\/p>\n\t\t\t<h2>Balayage &#038; M\u00e8ches<\/h2>\t\t\t\n\t\t\t\t<p>Le balayage complet est une technique permettant d&rsquo;avoir des tons plus clairs au niveau des longueurs tout en gardant un effet naturel \u00e0 la racine. Entretien aux 4 \u00e0 6 mois. Les m\u00e8ches sont une technique d&rsquo;\u00e9claircissement qui va de la racine \u00e0 la pointe dans un montage de papiers laissant des cheveux naturels parmi le montage. Effet subtil ou prononc\u00e9.<\/p>\n\t\t\t<h2>Coiffure &#038; mise en forme<\/h2>\t\t\t\n\t\t\t\t<p>L&rsquo;exp\u00e9rience coiffure et mise en forme englobe de A \u00e0 Z toutes les coiffures stylis\u00e9es passant des cheveux droits, des boucles aux coiffures hautes.<\/p>\n\t\t\t<h2>Hair treatment <\/h2>\t\t\t\n\t\t\t\t<p>Hair care is an integral part of healthy hair. Designed on the principle of the facial in aesthetic care, hair care detoxifies, deeply cleanses, repairs and hydrates from root to tip. All this, including a 20-minute relaxing massage.<\/p>\n\t\t\t<h3>*COST RATES UPON REQUEST<\/h3>\t\t\t\n\t\t\t\t<p>N&rsquo;h\u00e9sitez pas \u00e0 nous contacter en tout temps, il nous fera plaisir de vous guider et vous informer en d\u00e9tails sur nos produits et services!<\/p>\n\t\t\t<h3>Contact us to book a session<\/h3>\t\t\t\n\t\t\t<a href=\"tel:514-889-9004\" target=\"_self\">\n\t\t\t\t\t\tCall now\n\t\t\t\t\t<\/a>\n\t\t\t<a href=\"https:\/\/maps.app.goo.gl\/tyty6TYT91CfT1hp9\" target=\"_blank\" rel=\"noopener nofollow\">\n\t\t\t\t\t\tDIRECTIONS\n\t\t\t\t\t<\/a>","protected":false},"excerpt":{"rendered":"<p>LE STUDIO services Coupes Lors du service de coupe de cheveux stylis\u00e9, nos stylistes prennent le temps d&rsquo;analyser avec vous la coupe et la coiffure parfaite qui se mariera \u00e0 merveille avec votre morphologie. Celle-ci inclut aussi la mise en plis en tout temps. Balayage &#038; M\u00e8ches Le balayage complet est une technique permettant d&rsquo;avoir&hellip;<\/p>","protected":false},"author":3,"featured_media":633,"parent":0,"menu_order":0,"comment_status":"closed","ping_status":"closed","template":"","meta":{"inline_featured_image":false,"footnotes":""},"class_list":["post-285","page","type-page","status-publish","has-post-thumbnail","hentry"],"yoast_head":"<!-- This site is optimized with the Yoast SEO plugin v27.5 - https:\/\/yoast.com\/product\/yoast-seo-wordpress\/ -->\n<title>ARCANIC | LE STUDIO<\/title>\n<meta name=\"description\" content=\"Services de coupes, balayage, m\u00e8ches, coiffure, mise en forme, traitements capillaires et bien plus. Visitez notre site pour les d\u00e9tails.\" \/>\n<meta name=\"robots\" content=\"index, follow, max-snippet:-1, max-image-preview:large, max-video-preview:-1\" \/>\n<link rel=\"canonical\" href=\"https:\/\/www.arcanic.hair\/en\/studio\/\" \/>\n<meta property=\"og:locale\" content=\"en_US\" \/>\n<meta property=\"og:type\" content=\"article\" \/>\n<meta property=\"og:title\" content=\"ARCANIC | LE STUDIO\" \/>\n<meta property=\"og:description\" content=\"Services de coupes, balayage, m\u00e8ches, coiffure, mise en forme, traitements capillaires et bien plus. Visitez notre site pour les d\u00e9tails.\" \/>\n<meta property=\"og:url\" content=\"https:\/\/www.arcanic.hair\/en\/studio\/\" \/>\n<meta property=\"og:site_name\" content=\"ARCANIC\" \/>\n<meta property=\"article:publisher\" content=\"https:\/\/www.facebook.com\/ericthehairdresser\" \/>\n<meta property=\"article:modified_time\" content=\"2025-12-12T23:36:44+00:00\" \/>\n<meta property=\"og:image\" content=\"https:\/\/www.arcanic.hair\/wp-content\/uploads\/Arcanic-Le_Studio_SMlogo-White-Prix-Contessa-Coiffure-Coupe-Brushing-Style-Design-Chevelure-Cheveux-Hair-Dresser.webp\" \/>\n\t<meta property=\"og:image:width\" content=\"1500\" \/>\n\t<meta property=\"og:image:height\" content=\"775\" \/>\n\t<meta property=\"og:image:type\" content=\"image\/webp\" \/>\n<meta name=\"twitter:card\" content=\"summary_large_image\" \/>\n<meta name=\"twitter:title\" content=\"ARCANIC | LE STUDIO\" \/>\n<meta name=\"twitter:description\" content=\"Services de coupes, balayage, m\u00e8ches, coiffure, mise en forme, traitements capillaires et bien plus. Visitez notre site pour les d\u00e9tails.\" \/>\n<meta name=\"twitter:image\" content=\"https:\/\/www.arcanic.hair\/wp-content\/uploads\/Arcanic-Le_Studio_SMlogo-White-Prix-Contessa-Coiffure-Coupe-Brushing-Style-Design-Chevelure-Cheveux-Hair-Dresser.webp\" \/>\n<meta name=\"twitter:label1\" content=\"Est. reading time\" \/>\n\t<meta name=\"twitter:data1\" content=\"2 minutes\" \/>\n<script type=\"application\/ld+json\" class=\"yoast-schema-graph\">{\"@context\":\"https:\\\/\\\/schema.org\",\"@graph\":[{\"@type\":\"WebPage\",\"@id\":\"https:\\\/\\\/www.arcanic.hair\\\/studio\\\/\",\"url\":\"https:\\\/\\\/www.arcanic.hair\\\/studio\\\/\",\"name\":\"ARCANIC | LE STUDIO\",\"isPartOf\":{\"@id\":\"https:\\\/\\\/www.arcanic.hair\\\/#website\"},\"primaryImageOfPage\":{\"@id\":\"https:\\\/\\\/www.arcanic.hair\\\/studio\\\/#primaryimage\"},\"image\":{\"@id\":\"https:\\\/\\\/www.arcanic.hair\\\/studio\\\/#primaryimage\"},\"thumbnailUrl\":\"https:\\\/\\\/www.arcanic.hair\\\/wp-content\\\/uploads\\\/Arcanic-Le_Studio_SMlogo-White-Prix-Contessa-Coiffure-Coupe-Brushing-Style-Design-Chevelure-Cheveux-Hair-Dresser.webp\",\"datePublished\":\"2023-02-22T21:24:56+00:00\",\"dateModified\":\"2025-12-12T23:36:44+00:00\",\"description\":\"Services de coupes, balayage, m\u00e8ches, coiffure, mise en forme, traitements capillaires et bien plus. Visitez notre site pour les d\u00e9tails.\",\"breadcrumb\":{\"@id\":\"https:\\\/\\\/www.arcanic.hair\\\/studio\\\/#breadcrumb\"},\"inLanguage\":\"en-US\",\"potentialAction\":[{\"@type\":\"ReadAction\",\"target\":[\"https:\\\/\\\/www.arcanic.hair\\\/studio\\\/\"]}]},{\"@type\":\"ImageObject\",\"inLanguage\":\"en-US\",\"@id\":\"https:\\\/\\\/www.arcanic.hair\\\/studio\\\/#primaryimage\",\"url\":\"https:\\\/\\\/www.arcanic.hair\\\/wp-content\\\/uploads\\\/Arcanic-Le_Studio_SMlogo-White-Prix-Contessa-Coiffure-Coupe-Brushing-Style-Design-Chevelure-Cheveux-Hair-Dresser.webp\",\"contentUrl\":\"https:\\\/\\\/www.arcanic.hair\\\/wp-content\\\/uploads\\\/Arcanic-Le_Studio_SMlogo-White-Prix-Contessa-Coiffure-Coupe-Brushing-Style-Design-Chevelure-Cheveux-Hair-Dresser.webp\",\"width\":1500,\"height\":775,\"caption\":\"Arcanic Le Studio SMlogo White Prix Contessa Coiffure Coupe Brushing Style Design Chevelure Cheveux Hair Dresser\"},{\"@type\":\"BreadcrumbList\",\"@id\":\"https:\\\/\\\/www.arcanic.hair\\\/studio\\\/#breadcrumb\",\"itemListElement\":[{\"@type\":\"ListItem\",\"position\":1,\"name\":\"Home\",\"item\":\"https:\\\/\\\/www.arcanic.hair\\\/\"},{\"@type\":\"ListItem\",\"position\":2,\"name\":\"Le Studio\"}]},{\"@type\":\"WebSite\",\"@id\":\"https:\\\/\\\/www.arcanic.hair\\\/#website\",\"url\":\"https:\\\/\\\/www.arcanic.hair\\\/\",\"name\":\"ARCANIC\",\"description\":\"Pro Hairdressing Products\",\"publisher\":{\"@id\":\"https:\\\/\\\/www.arcanic.hair\\\/#organization\"},\"potentialAction\":[{\"@type\":\"SearchAction\",\"target\":{\"@type\":\"EntryPoint\",\"urlTemplate\":\"https:\\\/\\\/www.arcanic.hair\\\/?s={search_term_string}\"},\"query-input\":{\"@type\":\"PropertyValueSpecification\",\"valueRequired\":true,\"valueName\":\"search_term_string\"}}],\"inLanguage\":\"en-US\"},{\"@type\":\"Organization\",\"@id\":\"https:\\\/\\\/www.arcanic.hair\\\/#organization\",\"name\":\"ARCANIC\",\"url\":\"https:\\\/\\\/www.arcanic.hair\\\/\",\"logo\":{\"@type\":\"ImageObject\",\"inLanguage\":\"en-US\",\"@id\":\"https:\\\/\\\/www.arcanic.hair\\\/#\\\/schema\\\/logo\\\/image\\\/\",\"url\":\"https:\\\/\\\/www.arcanic.hair\\\/wp-content\\\/uploads\\\/Arcanic-Accueil-PRODUITS-ACADEMIE-STUDIO-Coiffure-Formation-Coupe-Brushing-Style-design-produits-capilaires-Chevelure-cheveux-hair-dresser-coiffant-SM.webp\",\"contentUrl\":\"https:\\\/\\\/www.arcanic.hair\\\/wp-content\\\/uploads\\\/Arcanic-Accueil-PRODUITS-ACADEMIE-STUDIO-Coiffure-Formation-Coupe-Brushing-Style-design-produits-capilaires-Chevelure-cheveux-hair-dresser-coiffant-SM.webp\",\"width\":1500,\"height\":775,\"caption\":\"ARCANIC\"},\"image\":{\"@id\":\"https:\\\/\\\/www.arcanic.hair\\\/#\\\/schema\\\/logo\\\/image\\\/\"},\"sameAs\":[\"https:\\\/\\\/www.facebook.com\\\/ericthehairdresser\",\"https:\\\/\\\/www.instagram.com\\\/arcanic.hair\\\/\",\"https:\\\/\\\/www.youtube.com\\\/@stryck22\"]}]}<\/script>\n<!-- \/ Yoast SEO plugin. -->","yoast_head_json":{"title":"ARCANIC | LE STUDIO","description":"Services de coupes, balayage, m\u00e8ches, coiffure, mise en forme, traitements capillaires et bien plus. Visitez notre site pour les d\u00e9tails.","robots":{"index":"index","follow":"follow","max-snippet":"max-snippet:-1","max-image-preview":"max-image-preview:large","max-video-preview":"max-video-preview:-1"},"canonical":"https:\/\/www.arcanic.hair\/en\/studio\/","og_locale":"en_US","og_type":"article","og_title":"ARCANIC | LE STUDIO","og_description":"Services de coupes, balayage, m\u00e8ches, coiffure, mise en forme, traitements capillaires et bien plus. Visitez notre site pour les d\u00e9tails.","og_url":"https:\/\/www.arcanic.hair\/en\/studio\/","og_site_name":"ARCANIC","article_publisher":"https:\/\/www.facebook.com\/ericthehairdresser","article_modified_time":"2025-12-12T23:36:44+00:00","og_image":[{"width":1500,"height":775,"url":"https:\/\/www.arcanic.hair\/wp-content\/uploads\/Arcanic-Le_Studio_SMlogo-White-Prix-Contessa-Coiffure-Coupe-Brushing-Style-Design-Chevelure-Cheveux-Hair-Dresser.webp","type":"image\/webp"}],"twitter_card":"summary_large_image","twitter_title":"ARCANIC | LE STUDIO","twitter_description":"Services de coupes, balayage, m\u00e8ches, coiffure, mise en forme, traitements capillaires et bien plus. Visitez notre site pour les d\u00e9tails.","twitter_image":"https:\/\/www.arcanic.hair\/wp-content\/uploads\/Arcanic-Le_Studio_SMlogo-White-Prix-Contessa-Coiffure-Coupe-Brushing-Style-Design-Chevelure-Cheveux-Hair-Dresser.webp","twitter_misc":{"Est. reading time":"2 minutes"},"schema":{"@context":"https:\/\/schema.org","@graph":[{"@type":"WebPage","@id":"https:\/\/www.arcanic.hair\/studio\/","url":"https:\/\/www.arcanic.hair\/studio\/","name":"ARCANIC | LE STUDIO","isPartOf":{"@id":"https:\/\/www.arcanic.hair\/#website"},"primaryImageOfPage":{"@id":"https:\/\/www.arcanic.hair\/studio\/#primaryimage"},"image":{"@id":"https:\/\/www.arcanic.hair\/studio\/#primaryimage"},"thumbnailUrl":"https:\/\/www.arcanic.hair\/wp-content\/uploads\/Arcanic-Le_Studio_SMlogo-White-Prix-Contessa-Coiffure-Coupe-Brushing-Style-Design-Chevelure-Cheveux-Hair-Dresser.webp","datePublished":"2023-02-22T21:24:56+00:00","dateModified":"2025-12-12T23:36:44+00:00","description":"Services de coupes, balayage, m\u00e8ches, coiffure, mise en forme, traitements capillaires et bien plus. Visitez notre site pour les d\u00e9tails.","breadcrumb":{"@id":"https:\/\/www.arcanic.hair\/studio\/#breadcrumb"},"inLanguage":"en-US","potentialAction":[{"@type":"ReadAction","target":["https:\/\/www.arcanic.hair\/studio\/"]}]},{"@type":"ImageObject","inLanguage":"en-US","@id":"https:\/\/www.arcanic.hair\/studio\/#primaryimage","url":"https:\/\/www.arcanic.hair\/wp-content\/uploads\/Arcanic-Le_Studio_SMlogo-White-Prix-Contessa-Coiffure-Coupe-Brushing-Style-Design-Chevelure-Cheveux-Hair-Dresser.webp","contentUrl":"https:\/\/www.arcanic.hair\/wp-content\/uploads\/Arcanic-Le_Studio_SMlogo-White-Prix-Contessa-Coiffure-Coupe-Brushing-Style-Design-Chevelure-Cheveux-Hair-Dresser.webp","width":1500,"height":775,"caption":"Arcanic Le Studio SMlogo White Prix Contessa Coiffure Coupe Brushing Style Design Chevelure Cheveux Hair Dresser"},{"@type":"BreadcrumbList","@id":"https:\/\/www.arcanic.hair\/studio\/#breadcrumb","itemListElement":[{"@type":"ListItem","position":1,"name":"Home","item":"https:\/\/www.arcanic.hair\/"},{"@type":"ListItem","position":2,"name":"Le Studio"}]},{"@type":"WebSite","@id":"https:\/\/www.arcanic.hair\/#website","url":"https:\/\/www.arcanic.hair\/","name":"ARCANIC","description":"Pro Hairdressing Products","publisher":{"@id":"https:\/\/www.arcanic.hair\/#organization"},"potentialAction":[{"@type":"SearchAction","target":{"@type":"EntryPoint","urlTemplate":"https:\/\/www.arcanic.hair\/?s={search_term_string}"},"query-input":{"@type":"PropertyValueSpecification","valueRequired":true,"valueName":"search_term_string"}}],"inLanguage":"en-US"},{"@type":"Organization","@id":"https:\/\/www.arcanic.hair\/#organization","name":"ARCANIC","url":"https:\/\/www.arcanic.hair\/","logo":{"@type":"ImageObject","inLanguage":"en-US","@id":"https:\/\/www.arcanic.hair\/#\/schema\/logo\/image\/","url":"https:\/\/www.arcanic.hair\/wp-content\/uploads\/Arcanic-Accueil-PRODUITS-ACADEMIE-STUDIO-Coiffure-Formation-Coupe-Brushing-Style-design-produits-capilaires-Chevelure-cheveux-hair-dresser-coiffant-SM.webp","contentUrl":"https:\/\/www.arcanic.hair\/wp-content\/uploads\/Arcanic-Accueil-PRODUITS-ACADEMIE-STUDIO-Coiffure-Formation-Coupe-Brushing-Style-design-produits-capilaires-Chevelure-cheveux-hair-dresser-coiffant-SM.webp","width":1500,"height":775,"caption":"ARCANIC"},"image":{"@id":"https:\/\/www.arcanic.hair\/#\/schema\/logo\/image\/"},"sameAs":["https:\/\/www.facebook.com\/ericthehairdresser","https:\/\/www.instagram.com\/arcanic.hair\/","https:\/\/www.youtube.com\/@stryck22"]}]}},"_links":{"self":[{"href":"https:\/\/www.arcanic.hair\/en\/wp-json\/wp\/v2\/pages\/285","targetHints":{"allow":["GET"]}}],"collection":[{"href":"https:\/\/www.arcanic.hair\/en\/wp-json\/wp\/v2\/pages"}],"about":[{"href":"https:\/\/www.arcanic.hair\/en\/wp-json\/wp\/v2\/types\/page"}],"author":[{"embeddable":true,"href":"https:\/\/www.arcanic.hair\/en\/wp-json\/wp\/v2\/users\/3"}],"replies":[{"embeddable":true,"href":"https:\/\/www.arcanic.hair\/en\/wp-json\/wp\/v2\/comments?post=285"}],"version-history":[{"count":1,"href":"https:\/\/www.arcanic.hair\/en\/wp-json\/wp\/v2\/pages\/285\/revisions"}],"predecessor-version":[{"id":866,"href":"https:\/\/www.arcanic.hair\/en\/wp-json\/wp\/v2\/pages\/285\/revisions\/866"}],"wp:featuredmedia":[{"embeddable":true,"href":"https:\/\/www.arcanic.hair\/en\/wp-json\/wp\/v2\/media\/633"}],"wp:attachment":[{"href":"https:\/\/www.arcanic.hair\/en\/wp-json\/wp\/v2\/media?parent=285"}],"curies":[{"name":"wp","href":"https:\/\/api.w.org\/{rel}","templated":true}]}}