{"id":128,"date":"2023-01-27T18:06:50","date_gmt":"2023-01-27T18:06:50","guid":{"rendered":"https:\/\/arcanic.hair\/?page_id=128"},"modified":"2023-05-01T21:11:06","modified_gmt":"2023-05-01T21:11:06","slug":"academie","status":"publish","type":"page","link":"https:\/\/www.arcanic.hair\/en\/academie\/","title":{"rendered":"ACADEMY"},"content":{"rendered":"<img loading=\"lazy\" decoding=\"async\" src=\"https:\/\/www.arcanic.hair\/wp-content\/uploads\/Arcanic-ACADEMY-Contessa-Awards-winner-Training-Technical-Courses-Learning-coaching-masterclasses-labs-Hairstylist-Hairstyle-Hairdresser-Cut-Brush-Style-Design-wte_logo.svg\" alt=\"Arcanic Academie logo White Prix Contessa Coiffure Formation Coupe Brushing Style Design Chevelure Cheveux Hair Dresser\" itemprop=\"image\" height=\"0\" width=\"0\" title=\"Arcanic-ACADEMY-Contessa-Awards-winner-Training-Technical-Courses-Learning-coaching-masterclasses-labs-Hairstylist-Hairstyle-Hairdresser-Cut-Brush-Style-Design-SM_logo\" onerror=\"this.style.display='none'\"  \/>\n\t\t\t<h1>MASTERCLASSES<\/h1>\t\t\t\n\t\t\t<h5>Back to basics<\/h5><h3>L&rsquo;art de la coupe en profondeur mariant textures et pr\u00e9cision &#8211; Pour coiffeurs de tout niveau<\/h3>\t\t\t\n\t\t\t\t<p>Ma\u00eetriser les bases est essentiel \u00e0 l&rsquo;\u00e9panouissement d&rsquo;une carri\u00e8re fleurissante. Ce cours qui ram\u00e8ne aux sources vous permettra d&rsquo;explorer des philosophies diff\u00e9rentes et revoir les bases de la coupe.<\/p>\n\t\t\t<h5>Fashion insider<\/h5><h3>Inspiration des tendances actuelles &#8211; Pour coiffeurs de tout niveau<\/h3>\t\t\t\n\t\t\t\t<p>Explorez le monde de la mode au travers de ses coupes. Inspir\u00e9es directement des d\u00e9fil\u00e9s de mode, qu&rsquo;elles soient courtes, mi-longues ou longues, les tendances \u00e9voluent rapidement.<\/p>\n<p>Learn to master them in order to meet the demand of your customers. Build your cut patterns well by exploring cuts from our collection, inspired by the latest trends.<\/p>\n\t\t\t<h5>Style it &#038; put it up!<\/h5><h3>Augmenter sa client\u00e8le de coiffures de soir\u00e9es &#8211; Pour coiffeurs de tout niveau<\/h3>\t\t\t\n\t\t\t\t<p>Soyez inspir\u00e9 par des bases solides en styling et coiffures hautes. Arcanic, c&rsquo;est l&rsquo;art de rendre les coiffures hautes simple et facile! Obtenez les trucs du m\u00e9tier qui vous faciliteront la t\u00e2che. Comment construire et am\u00e9liorer votre mod\u00e8le d&rsquo;affaire. D\u00e9couvrez la coiffure de soir\u00e9e qui n&rsquo;est pas qu&rsquo;un grand art, mais aussi une \u00e9cole qui offre un infini de possibilit\u00e9s et de bagages utiles pour nourrir vos cr\u00e9ations.<\/p>\n\t\t\t<h5>Brushing 101<\/h5><h3>Nous recommandons d&rsquo;avoir votre mod\u00e8le pour cette formation &#8211; Pour coiffeurs de niveau d\u00e9butant \/ interm\u00e9diaire<\/h3>\t\t\t\n\t\t\t\t<p>\u00catre expert du brushing! Apprenez \u00e0 construire vos mouvements, vos volumes et des looks r\u00e9ussit \u00e0 l&rsquo;aide de vos brosses. Vous deviendrez expert en produits capillaires, ce qui \u00e9largira et divertira vos sources de profits. Apprendre \u00e0 cibler le bon produit parmi des centaines afin d&rsquo;avoir les meilleurs outils qui soutiendront les looks que vous cr\u00e9ez.<\/p>\n\t\t\t<h5>Styling<\/h5><h3>For hairdressers of all levels<\/h3>\t\t\t\n\t\t\t\t<p>Le styling est l&rsquo;un des aspects les plus important du monde de la coiffure. C&rsquo;est le point culminant du service derri\u00e8re votre chaise. Il permet de mettre en valeur le travail de couleur et de coupe r\u00e9alis\u00e9 au pr\u00e9alable.<\/p>\n<p>Il vous permet \u00e9galement de d\u00e9montrer \u00e0 votre client\u00e8le toute l&rsquo;\u00e9tendu des possibilit\u00e9s qu&rsquo;offrent les outils de stylistes au travers des brosses, peignes, outils chauffants et produits capillaires!<\/p>\n\t\t\t<h3>Charges<\/h3>\t\t\t\n\t\t\t\t<p class=\" translation-block\">Price on request depending on type of training. <br>Training costs include loan of tripod and manequin head.<\/p>\n\t\t\t<a href=\"mailto:info@arcanic.hair\" target=\"_self\" role=\"button\" rel=\"noopener\">\n\t\t\t\t\t\t\tContact us\n\t\t\t\t\t<\/a>","protected":false},"excerpt":{"rendered":"<p>LES FORMATIONS Back to basics L&rsquo;art de la coupe en profondeur mariant textures et pr\u00e9cision &#8211; Pour coiffeurs de tout niveau Ma\u00eetriser les bases est essentiel \u00e0 l&rsquo;\u00e9panouissement d&rsquo;une carri\u00e8re fleurissante. Ce cours qui ram\u00e8ne aux sources vous permettra d&rsquo;explorer des philosophies diff\u00e9rentes et revoir les bases de la coupe. Fashion insider Inspiration des tendances&hellip;<\/p>","protected":false},"author":3,"featured_media":631,"parent":0,"menu_order":0,"comment_status":"closed","ping_status":"closed","template":"","meta":{"inline_featured_image":false,"footnotes":""},"class_list":["post-128","page","type-page","status-publish","has-post-thumbnail","hentry"],"yoast_head":"<!-- This site is optimized with the Yoast SEO plugin v27.5 - https:\/\/yoast.com\/product\/yoast-seo-wordpress\/ -->\n<title>ARCANIC | L&#039;ACAD\u00c9MIE<\/title>\n<meta name=\"description\" content=\"Formations de pointe pour professionnels de la coiffure de tout niveau par \u00c9ric St-Jean (prim\u00e9 et enseignant de l\u2019ann\u00e9e)\" \/>\n<meta name=\"robots\" content=\"index, follow, max-snippet:-1, max-image-preview:large, max-video-preview:-1\" \/>\n<link rel=\"canonical\" href=\"https:\/\/www.arcanic.hair\/en\/academie\/\" \/>\n<meta property=\"og:locale\" content=\"en_US\" \/>\n<meta property=\"og:type\" content=\"article\" \/>\n<meta property=\"og:title\" content=\"ARCANIC | L&#039;ACAD\u00c9MIE\" \/>\n<meta property=\"og:description\" content=\"Formations de pointe pour professionnels de la coiffure de tout niveau par \u00c9ric St-Jean (prim\u00e9 et enseignant de l\u2019ann\u00e9e)\" \/>\n<meta property=\"og:url\" content=\"https:\/\/www.arcanic.hair\/en\/academie\/\" \/>\n<meta property=\"og:site_name\" content=\"ARCANIC\" \/>\n<meta property=\"article:publisher\" content=\"https:\/\/www.facebook.com\/ericthehairdresser\" \/>\n<meta property=\"article:modified_time\" content=\"2023-05-01T21:11:06+00:00\" \/>\n<meta property=\"og:image\" content=\"https:\/\/www.arcanic.hair\/wp-content\/uploads\/Arcanic-Academie_SMlogo-White-Prix-Contessa-Coiffure-Formation-Coupe-Brushing-Style-Design-Chevelure-Cheveux-Hair-Dresser.webp\" \/>\n\t<meta property=\"og:image:width\" content=\"1500\" \/>\n\t<meta property=\"og:image:height\" content=\"775\" \/>\n\t<meta property=\"og:image:type\" content=\"image\/webp\" \/>\n<meta name=\"twitter:card\" content=\"summary_large_image\" \/>\n<meta name=\"twitter:title\" content=\"ARCANIC | L&#039;ACAD\u00c9MIE\" \/>\n<meta name=\"twitter:description\" content=\"Formations de pointe pour professionnels de la coiffure de tout niveau par \u00c9ric St-Jean (prim\u00e9 et enseignant de l\u2019ann\u00e9e)\" \/>\n<meta name=\"twitter:image\" content=\"https:\/\/www.arcanic.hair\/wp-content\/uploads\/Arcanic-Academie_SMlogo-White-Prix-Contessa-Coiffure-Formation-Coupe-Brushing-Style-Design-Chevelure-Cheveux-Hair-Dresser.webp\" \/>\n<meta name=\"twitter:label1\" content=\"Est. reading time\" \/>\n\t<meta name=\"twitter:data1\" content=\"3 minutes\" \/>\n<script type=\"application\/ld+json\" class=\"yoast-schema-graph\">{\"@context\":\"https:\\\/\\\/schema.org\",\"@graph\":[{\"@type\":\"WebPage\",\"@id\":\"https:\\\/\\\/www.arcanic.hair\\\/academie\\\/\",\"url\":\"https:\\\/\\\/www.arcanic.hair\\\/academie\\\/\",\"name\":\"ARCANIC | L'ACAD\u00c9MIE\",\"isPartOf\":{\"@id\":\"https:\\\/\\\/www.arcanic.hair\\\/#website\"},\"primaryImageOfPage\":{\"@id\":\"https:\\\/\\\/www.arcanic.hair\\\/academie\\\/#primaryimage\"},\"image\":{\"@id\":\"https:\\\/\\\/www.arcanic.hair\\\/academie\\\/#primaryimage\"},\"thumbnailUrl\":\"https:\\\/\\\/www.arcanic.hair\\\/wp-content\\\/uploads\\\/Arcanic-Academie_SMlogo-White-Prix-Contessa-Coiffure-Formation-Coupe-Brushing-Style-Design-Chevelure-Cheveux-Hair-Dresser.webp\",\"datePublished\":\"2023-01-27T18:06:50+00:00\",\"dateModified\":\"2023-05-01T21:11:06+00:00\",\"description\":\"Formations de pointe pour professionnels de la coiffure de tout niveau par \u00c9ric St-Jean (prim\u00e9 et enseignant de l\u2019ann\u00e9e)\",\"breadcrumb\":{\"@id\":\"https:\\\/\\\/www.arcanic.hair\\\/academie\\\/#breadcrumb\"},\"inLanguage\":\"en-US\",\"potentialAction\":[{\"@type\":\"ReadAction\",\"target\":[\"https:\\\/\\\/www.arcanic.hair\\\/academie\\\/\"]}]},{\"@type\":\"ImageObject\",\"inLanguage\":\"en-US\",\"@id\":\"https:\\\/\\\/www.arcanic.hair\\\/academie\\\/#primaryimage\",\"url\":\"https:\\\/\\\/www.arcanic.hair\\\/wp-content\\\/uploads\\\/Arcanic-Academie_SMlogo-White-Prix-Contessa-Coiffure-Formation-Coupe-Brushing-Style-Design-Chevelure-Cheveux-Hair-Dresser.webp\",\"contentUrl\":\"https:\\\/\\\/www.arcanic.hair\\\/wp-content\\\/uploads\\\/Arcanic-Academie_SMlogo-White-Prix-Contessa-Coiffure-Formation-Coupe-Brushing-Style-Design-Chevelure-Cheveux-Hair-Dresser.webp\",\"width\":1500,\"height\":775,\"caption\":\"Arcanic Academie SMlogo White Prix Contessa Coiffure Formation Coupe Brushing Style Design Chevelure Cheveux Hair Dresser\"},{\"@type\":\"BreadcrumbList\",\"@id\":\"https:\\\/\\\/www.arcanic.hair\\\/academie\\\/#breadcrumb\",\"itemListElement\":[{\"@type\":\"ListItem\",\"position\":1,\"name\":\"Home\",\"item\":\"https:\\\/\\\/www.arcanic.hair\\\/\"},{\"@type\":\"ListItem\",\"position\":2,\"name\":\"l&rsquo;Acad\u00e9mie\"}]},{\"@type\":\"WebSite\",\"@id\":\"https:\\\/\\\/www.arcanic.hair\\\/#website\",\"url\":\"https:\\\/\\\/www.arcanic.hair\\\/\",\"name\":\"ARCANIC\",\"description\":\"Pro Hairdressing Products\",\"publisher\":{\"@id\":\"https:\\\/\\\/www.arcanic.hair\\\/#organization\"},\"potentialAction\":[{\"@type\":\"SearchAction\",\"target\":{\"@type\":\"EntryPoint\",\"urlTemplate\":\"https:\\\/\\\/www.arcanic.hair\\\/?s={search_term_string}\"},\"query-input\":{\"@type\":\"PropertyValueSpecification\",\"valueRequired\":true,\"valueName\":\"search_term_string\"}}],\"inLanguage\":\"en-US\"},{\"@type\":\"Organization\",\"@id\":\"https:\\\/\\\/www.arcanic.hair\\\/#organization\",\"name\":\"ARCANIC\",\"url\":\"https:\\\/\\\/www.arcanic.hair\\\/\",\"logo\":{\"@type\":\"ImageObject\",\"inLanguage\":\"en-US\",\"@id\":\"https:\\\/\\\/www.arcanic.hair\\\/#\\\/schema\\\/logo\\\/image\\\/\",\"url\":\"https:\\\/\\\/www.arcanic.hair\\\/wp-content\\\/uploads\\\/Arcanic-Accueil-PRODUITS-ACADEMIE-STUDIO-Coiffure-Formation-Coupe-Brushing-Style-design-produits-capilaires-Chevelure-cheveux-hair-dresser-coiffant-SM.webp\",\"contentUrl\":\"https:\\\/\\\/www.arcanic.hair\\\/wp-content\\\/uploads\\\/Arcanic-Accueil-PRODUITS-ACADEMIE-STUDIO-Coiffure-Formation-Coupe-Brushing-Style-design-produits-capilaires-Chevelure-cheveux-hair-dresser-coiffant-SM.webp\",\"width\":1500,\"height\":775,\"caption\":\"ARCANIC\"},\"image\":{\"@id\":\"https:\\\/\\\/www.arcanic.hair\\\/#\\\/schema\\\/logo\\\/image\\\/\"},\"sameAs\":[\"https:\\\/\\\/www.facebook.com\\\/ericthehairdresser\",\"https:\\\/\\\/www.instagram.com\\\/arcanic.hair\\\/\",\"https:\\\/\\\/www.youtube.com\\\/@stryck22\"]}]}<\/script>\n<!-- \/ Yoast SEO plugin. -->","yoast_head_json":{"title":"ARCANIC | L'ACAD\u00c9MIE","description":"Formations de pointe pour professionnels de la coiffure de tout niveau par \u00c9ric St-Jean (prim\u00e9 et enseignant de l\u2019ann\u00e9e)","robots":{"index":"index","follow":"follow","max-snippet":"max-snippet:-1","max-image-preview":"max-image-preview:large","max-video-preview":"max-video-preview:-1"},"canonical":"https:\/\/www.arcanic.hair\/en\/academie\/","og_locale":"en_US","og_type":"article","og_title":"ARCANIC | L'ACAD\u00c9MIE","og_description":"Formations de pointe pour professionnels de la coiffure de tout niveau par \u00c9ric St-Jean (prim\u00e9 et enseignant de l\u2019ann\u00e9e)","og_url":"https:\/\/www.arcanic.hair\/en\/academie\/","og_site_name":"ARCANIC","article_publisher":"https:\/\/www.facebook.com\/ericthehairdresser","article_modified_time":"2023-05-01T21:11:06+00:00","og_image":[{"width":1500,"height":775,"url":"https:\/\/www.arcanic.hair\/wp-content\/uploads\/Arcanic-Academie_SMlogo-White-Prix-Contessa-Coiffure-Formation-Coupe-Brushing-Style-Design-Chevelure-Cheveux-Hair-Dresser.webp","type":"image\/webp"}],"twitter_card":"summary_large_image","twitter_title":"ARCANIC | L'ACAD\u00c9MIE","twitter_description":"Formations de pointe pour professionnels de la coiffure de tout niveau par \u00c9ric St-Jean (prim\u00e9 et enseignant de l\u2019ann\u00e9e)","twitter_image":"https:\/\/www.arcanic.hair\/wp-content\/uploads\/Arcanic-Academie_SMlogo-White-Prix-Contessa-Coiffure-Formation-Coupe-Brushing-Style-Design-Chevelure-Cheveux-Hair-Dresser.webp","twitter_misc":{"Est. reading time":"3 minutes"},"schema":{"@context":"https:\/\/schema.org","@graph":[{"@type":"WebPage","@id":"https:\/\/www.arcanic.hair\/academie\/","url":"https:\/\/www.arcanic.hair\/academie\/","name":"ARCANIC | L'ACAD\u00c9MIE","isPartOf":{"@id":"https:\/\/www.arcanic.hair\/#website"},"primaryImageOfPage":{"@id":"https:\/\/www.arcanic.hair\/academie\/#primaryimage"},"image":{"@id":"https:\/\/www.arcanic.hair\/academie\/#primaryimage"},"thumbnailUrl":"https:\/\/www.arcanic.hair\/wp-content\/uploads\/Arcanic-Academie_SMlogo-White-Prix-Contessa-Coiffure-Formation-Coupe-Brushing-Style-Design-Chevelure-Cheveux-Hair-Dresser.webp","datePublished":"2023-01-27T18:06:50+00:00","dateModified":"2023-05-01T21:11:06+00:00","description":"Formations de pointe pour professionnels de la coiffure de tout niveau par \u00c9ric St-Jean (prim\u00e9 et enseignant de l\u2019ann\u00e9e)","breadcrumb":{"@id":"https:\/\/www.arcanic.hair\/academie\/#breadcrumb"},"inLanguage":"en-US","potentialAction":[{"@type":"ReadAction","target":["https:\/\/www.arcanic.hair\/academie\/"]}]},{"@type":"ImageObject","inLanguage":"en-US","@id":"https:\/\/www.arcanic.hair\/academie\/#primaryimage","url":"https:\/\/www.arcanic.hair\/wp-content\/uploads\/Arcanic-Academie_SMlogo-White-Prix-Contessa-Coiffure-Formation-Coupe-Brushing-Style-Design-Chevelure-Cheveux-Hair-Dresser.webp","contentUrl":"https:\/\/www.arcanic.hair\/wp-content\/uploads\/Arcanic-Academie_SMlogo-White-Prix-Contessa-Coiffure-Formation-Coupe-Brushing-Style-Design-Chevelure-Cheveux-Hair-Dresser.webp","width":1500,"height":775,"caption":"Arcanic Academie SMlogo White Prix Contessa Coiffure Formation Coupe Brushing Style Design Chevelure Cheveux Hair Dresser"},{"@type":"BreadcrumbList","@id":"https:\/\/www.arcanic.hair\/academie\/#breadcrumb","itemListElement":[{"@type":"ListItem","position":1,"name":"Home","item":"https:\/\/www.arcanic.hair\/"},{"@type":"ListItem","position":2,"name":"l&rsquo;Acad\u00e9mie"}]},{"@type":"WebSite","@id":"https:\/\/www.arcanic.hair\/#website","url":"https:\/\/www.arcanic.hair\/","name":"ARCANIC","description":"Pro Hairdressing Products","publisher":{"@id":"https:\/\/www.arcanic.hair\/#organization"},"potentialAction":[{"@type":"SearchAction","target":{"@type":"EntryPoint","urlTemplate":"https:\/\/www.arcanic.hair\/?s={search_term_string}"},"query-input":{"@type":"PropertyValueSpecification","valueRequired":true,"valueName":"search_term_string"}}],"inLanguage":"en-US"},{"@type":"Organization","@id":"https:\/\/www.arcanic.hair\/#organization","name":"ARCANIC","url":"https:\/\/www.arcanic.hair\/","logo":{"@type":"ImageObject","inLanguage":"en-US","@id":"https:\/\/www.arcanic.hair\/#\/schema\/logo\/image\/","url":"https:\/\/www.arcanic.hair\/wp-content\/uploads\/Arcanic-Accueil-PRODUITS-ACADEMIE-STUDIO-Coiffure-Formation-Coupe-Brushing-Style-design-produits-capilaires-Chevelure-cheveux-hair-dresser-coiffant-SM.webp","contentUrl":"https:\/\/www.arcanic.hair\/wp-content\/uploads\/Arcanic-Accueil-PRODUITS-ACADEMIE-STUDIO-Coiffure-Formation-Coupe-Brushing-Style-design-produits-capilaires-Chevelure-cheveux-hair-dresser-coiffant-SM.webp","width":1500,"height":775,"caption":"ARCANIC"},"image":{"@id":"https:\/\/www.arcanic.hair\/#\/schema\/logo\/image\/"},"sameAs":["https:\/\/www.facebook.com\/ericthehairdresser","https:\/\/www.instagram.com\/arcanic.hair\/","https:\/\/www.youtube.com\/@stryck22"]}]}},"_links":{"self":[{"href":"https:\/\/www.arcanic.hair\/en\/wp-json\/wp\/v2\/pages\/128","targetHints":{"allow":["GET"]}}],"collection":[{"href":"https:\/\/www.arcanic.hair\/en\/wp-json\/wp\/v2\/pages"}],"about":[{"href":"https:\/\/www.arcanic.hair\/en\/wp-json\/wp\/v2\/types\/page"}],"author":[{"embeddable":true,"href":"https:\/\/www.arcanic.hair\/en\/wp-json\/wp\/v2\/users\/3"}],"replies":[{"embeddable":true,"href":"https:\/\/www.arcanic.hair\/en\/wp-json\/wp\/v2\/comments?post=128"}],"version-history":[{"count":0,"href":"https:\/\/www.arcanic.hair\/en\/wp-json\/wp\/v2\/pages\/128\/revisions"}],"wp:featuredmedia":[{"embeddable":true,"href":"https:\/\/www.arcanic.hair\/en\/wp-json\/wp\/v2\/media\/631"}],"wp:attachment":[{"href":"https:\/\/www.arcanic.hair\/en\/wp-json\/wp\/v2\/media?parent=128"}],"curies":[{"name":"wp","href":"https:\/\/api.w.org\/{rel}","templated":true}]}}